{"id":3758,"date":"2021-06-17T12:21:35","date_gmt":"2021-06-17T12:21:35","guid":{"rendered":"http:\/\/www.enyopharma.com\/fr\/?page_id=3758"},"modified":"2026-03-30T15:25:12","modified_gmt":"2026-03-30T15:25:12","slug":"collaborations-publiques","status":"publish","type":"page","link":"https:\/\/www.enyopharma.com\/fr\/partenariats\/collaborations-publiques\/","title":{"rendered":"Collaborations publiques"},"content":{"rendered":"<p>R\u00e9aliser des partenariats et des collaborations dans l\u2019industrie des sciences de la vie est essentiel pour le d\u00e9veloppement de candidats-m\u00e9dicament innovants. Depuis sa cr\u00e9ation, ENYO Pharma a travaill\u00e9 \u00e9troitement avec plusieurs institutions acad\u00e9miques, des chercheurs, des h\u00f4pitaux et des entreprises priv\u00e9es afin de construire un portefeuille solide dans diff\u00e9rentes aires th\u00e9rapeutiques.  <\/p>\n<p>En effet, ENYO Pharma a d\u00e9velopp\u00e9 une plateforme de drug discovery innovante et r\u00e9volutionnaire permettant de d\u00e9couvrir des mol\u00e9cules brevetables contre de nouvelles cibles th\u00e9rapeutiques intracellulaires.<\/p>\n<p>ENYO Pharma est ouvert pour collaborer et faire des partenariats pour d\u00e9velopper certaines de ses mol\u00e9cules provenant de son approche unique. N\u2019h\u00e9sitez pas \u00e0 <a href=\"mailto:contact@enyopharma.com\">nous contacter<\/a> si vous \u00eates int\u00e9ress\u00e9s. <\/p>\n<p>ENYO Pharma est soutenu par :<br \/>\n<div class=\"ti-text-and-image ti-text-and-image--odd\"><img loading=\"lazy\" decoding=\"async\" class=\"alignnone size-medium wp-image-1409\" src=\"\/wp-content\/uploads\/2026\/03\/France-2030_logo.jpg\" alt=\"France 2030\" width=\"150\" height=\"65\" \/><\/p>\n<div>\n<h3>France 2030<\/h3>\n<p>The projet de recherche portant sur le syndrome d&#8217;Alport est financ\u00e9 par le gouvernement dans le cadre de France 2030.<\/a>\n<\/div>\n<p><\/div><\/p>\n<div class=\"ti-text-and-image\"><img loading=\"lazy\" decoding=\"async\" class=\"alignnone size-medium wp-image-1406\" src=\"\/wp-content\/uploads\/2024\/12\/LOGO_REGION_RVB-BLEU-GRIS.png\" alt=\"R\u00e9gion Auvergne-Rh\u00f4ne-Alpes\" width=\"190\" height=\"187\" \/><\/p>\n<div>\n<h3>R\u00e9gion Auvergne-Rh\u00f4ne-Alpes<\/h3>\n<p>The Alport syndrome project was funded by the government as part of the France 2030 program.<\/a>\n<\/div>\n<p><\/div>\n<h2>Nos collaborations actuelles<\/h2>\n<div class=\"ti-text-and-image\"><img loading=\"lazy\" decoding=\"async\" class=\"alignnone size-medium wp-image-1406\" src=\"\/wp-content\/uploads\/2018\/10\/inserm.png\" alt=\"Inserm Logo\" width=\"200\" height=\"87\" \/><\/p>\n<div>\n<h3>Inserm<\/h3>\n<p>ENYO Pharma a d\u00e9marr\u00e9 une collaboration avec le Dr. Fabiola Terzi, directeur de recherche \u00e0 l\u2019Inserm Unit\u00e9 U1151. Le Dr. Fabiola Terzi est \u00e0 la t\u00eate de l\u2019\u00e9quipe en charge des \u2018M\u00e9canismes et strat\u00e9gies th\u00e9rapeutiques des maladies r\u00e9nales chroniques&#8217; \u00e0 l\u2019h\u00f4pital Necker Enfants Malades \u00e0 Paris.<\/a>\n<\/div>\n<p><\/div>\n<div class=\"ti-text-and-image ti-text-and-image--odd\"><img loading=\"lazy\" decoding=\"async\" class=\"alignnone size-medium wp-image-1406\" src=\"\/wp-content\/uploads\/2018\/10\/inserm.png\" alt=\"Inserm Logo\" width=\"200\" height=\"87\" \/><\/p>\n<div>\n<h3>Inserm<\/h3>\n<p>ENYO Pharma collabore avec le Dr. David Durantel, Directeur de recherche et d&#8217;\u00e9quipe \u00e0 l&#8217;Inserm, unit\u00e9 U1111. Son \u00e9quipe s&#8217;int\u00e9resse aux interactions entre les virus des h\u00e9patites B et Delta, les h\u00e9patocytes et le micro-environnement h\u00e9patique.\n<\/p><\/div>\n<p><\/div>\n<div class=\"ti-text-and-image\"><img loading=\"lazy\" decoding=\"async\" class=\"alignnone size-medium wp-image-1408\" src=\"\/wp-content\/uploads\/2018\/10\/inserm.png\" alt=\"Inserm Logo\" width=\"200\" height=\"50\" \/><\/p>\n<div>\n<h3>Inserm<\/h3>\n<p>L\u2019entreprise collabore avec le groupe du Professeur Patrice Andr\u00e9, l\u2019un des co-fondateurs d\u2019ENYO Pharma (Inserm U1111, Lyon, France), pour \u00e9tudier de fa\u00e7on approfondie la fa\u00e7on dont les agonistes de FXR inhibent le cycle de r\u00e9plication du virus de l\u2019h\u00e9patite B. <a href=\"http:\/\/www.enyopharma.com\/fr\/enyo-pharma-lance-une-nouvelle-collaboration-avec-linserm-pour-approfondir-la-comprehension-du-mecanisme-impliquant-fxr-dans-linfection-par-le-vhb\/\"> (Learn more)<\/a>\n<\/div>\n<p><\/div>\n<div class=\"ti-text-and-image ti-text-and-image--odd\"><img decoding=\"async\" class=\"alignnone size-medium wp-image-1408\" src=\"\/wp-content\/uploads\/2020\/08\/logo_sib.jpg\" alt=\"SIB Logo\" width=\"200\"  \/><\/p>\n<div>\n<h3>Swiss Institute of Bioinformatics<\/h3>\n<p>L&#8217;entreprise collabore avec le groupe CALIPHO, co-dirig\u00e9 par Lydie Lane et Amos Bairoch \u00e0 l\u2019Institut Suisse de Bioinformatique et l\u2019Universit\u00e9 de Gen\u00e8ve. La collaboration vise \u00e0 int\u00e9grer les donn\u00e9es d&#8217;ENYO Pharma sur les interactions prot\u00e9iques dans neXtProt, une plateforme de connaissance sur les prot\u00e9ines humaines.  <a href=\"http:\/\/www.enyopharma.com\/fr\/collaboration-avec-linstitut-suisse-de-bioinformatique\/\"> (Learn more)<\/a>\n<\/div>\n<p><\/div>\n<h2>Nos collaborations pass\u00e9es<\/h2>\n<div class=\"ti-text-and-image ti-text-and-image--odd\"><img loading=\"lazy\" decoding=\"async\" class=\"alignnone size-medium wp-image-1405\" src=\"\/wp-content\/uploads\/2018\/10\/Hebrew-University-of-Jerusalem.png\" alt=\"Hebrew University of Jerusalem\" width=\"150\" height=\"87\" \/><\/p>\n<div>\n<h3>The Hebrew University of Jerusalem<\/h3>\n<p>Une collaboration a \u00e9t\u00e9 initi\u00e9e avec le Professeur Rachel Nechushtai de l\u2019Hebrew University of Jerusalem sur les modulateurs de proteines NEET dans diff\u00e9rentes indications comme l\u2019oncologie. <a href=\"http:\/\/www.enyopharma.com\/fr\/rict-2018\/\">(Learn more)<\/a>\n<\/div>\n<p><\/div>\n<div class=\"ti-text-and-image\"><img loading=\"lazy\" decoding=\"async\" class=\"alignnone size-medium wp-image-1407\" src=\"\/wp-content\/uploads\/2018\/10\/Logo_of_Paris_Diderot_University.jpg\" alt=\"Universit\u00e9\" width=\"200\" height=\"87\" \/><\/p>\n<div>\n<h3>Paris-Diderot University<\/h3>\n<p>L\u2019entreprise a commenc\u00e9 une collaboration avec l\u2019Institut Universitaire d\u2019H\u00e9matologie de Paris-Diderot, l\u2019Inserm Unit\u00e9 U941, dans le but de d\u00e9couvrir de nouveaux m\u00e9dicaments dirig\u00e9s contre les ad\u00e9novirus. <a href=\"http:\/\/www.enyopharma.com\/fr\/lancement-dune-nouvelle-collaboration-avec-paris-diderot-dans-le-but-de-decouvrir-de-nouveaux-medicaments-diriges-contre-les-adenovirus\/\">(Learn more)<\/a>\n<\/div>\n<p><\/div>\n<div class=\"ti-text-and-image ti-text-and-image--odd\"><img loading=\"lazy\" decoding=\"async\" class=\"alignnone size-medium wp-image-1409\" src=\"\/wp-content\/uploads\/2018\/10\/logo_imperial_college_london.png\" alt=\"Imperial College London\" width=\"190\" height=\"187\" \/><\/p>\n<div>\n<h3>Imperial College London<\/h3>\n<p>Une nouvelle collaboration de recherche a d\u00e9but\u00e9 avec le Professeur Julian Walters de l\u2019Imperial Coll\u00e8ge London.  Le principal objectif de ses recherches est d\u2019\u00e9valuer le potentiel th\u00e9rapeutique de l\u2019utilisation de la mol\u00e9cule EYP001 (agoniste de FXR). <a href=\"http:\/\/www.enyopharma.com\/fr\/collaboration-avec-limperial-college-london-pour-evaluer-eyp001\/\">(Learn more)<\/a>\n<\/div>\n<p><\/div>\n<h2>Contact<\/h2>\n<p>ENYO Pharma SA<br \/>\nBIOSERRA 1 B\u00e2timent B<br \/>\n60 avenue Rockefeller<br \/>\n69008 LYON, FRANCE<br \/>\nMail: <a href=\"mailto:&amp;&#035;96;c&#111;nt&#097;c&#116;&#064;&#101;ny&#111;p&#104;a&#114;m&#097;.co&#109;\" target=\"_blank\" rel=\"noopener\">&#99;o&#110;t&#97;&#99;&#116;&#64;&#101;&#110;&#121;&#111;&#112;&#104;&#97;r&#109;a.co&#109;<\/a><\/p>\n","protected":false},"excerpt":{"rendered":"<p>R\u00e9aliser des partenariats et des collaborations dans l\u2019industrie des sciences de la vie est essentiel pour le d\u00e9veloppement de candidats-m\u00e9dicament innovants. Depuis sa cr\u00e9ation, ENYO Pharma a travaill\u00e9 \u00e9troitement avec plusieurs institutions acad\u00e9miques, des chercheurs, des h\u00f4pitaux et des entreprises priv\u00e9es afin de construire un portefeuille solide dans diff\u00e9rentes aires th\u00e9rapeutiques.  <\/p>\n<p>En effet, ENYO Pharma a d\u00e9velopp\u00e9 une plateforme de drug discovery innovante et r\u00e9volutionnaire permettant de d\u00e9couvrir des mol\u00e9cules brevetables contre de nouvelles cibles th\u00e9rapeutiques intracellulaires.<\/p>\n<p><a class=\"read-more\" href=\"https:\/\/www.enyopharma.com\/fr\/partenariats\/collaborations-publiques\/\">Lire la suite&nbsp;&raquo;<\/a><\/p>\n","protected":false},"author":2,"featured_media":0,"parent":2821,"menu_order":2,"comment_status":"closed","ping_status":"closed","template":"singular.php","meta":{"_acf_changed":false,"footnotes":""},"class_list":["post-3758","page","type-page","status-publish","hentry"],"acf":[],"jetpack_sharing_enabled":true,"rttpg_featured_image_url":null,"rttpg_author":{"display_name":"editorENYOPharma","author_link":"https:\/\/www.enyopharma.com\/fr\/author\/editorenyopharma\/"},"rttpg_comment":0,"rttpg_category":null,"rttpg_excerpt":"R\u00e9aliser des partenariats et des collaborations dans l\u2019industrie des sciences de la vie est essentiel pour le d\u00e9veloppement de candidats-m\u00e9dicament innovants. Depuis sa cr\u00e9ation, ENYO Pharma a travaill\u00e9 \u00e9troitement avec plusieurs institutions acad\u00e9miques, des chercheurs, des h\u00f4pitaux et des entreprises priv\u00e9es afin de construire un portefeuille solide dans diff\u00e9rentes aires th\u00e9rapeutiques. En effet, ENYO Pharma&hellip;","_links":{"self":[{"href":"https:\/\/www.enyopharma.com\/fr\/wp-json\/wp\/v2\/pages\/3758","targetHints":{"allow":["GET"]}}],"collection":[{"href":"https:\/\/www.enyopharma.com\/fr\/wp-json\/wp\/v2\/pages"}],"about":[{"href":"https:\/\/www.enyopharma.com\/fr\/wp-json\/wp\/v2\/types\/page"}],"author":[{"embeddable":true,"href":"https:\/\/www.enyopharma.com\/fr\/wp-json\/wp\/v2\/users\/2"}],"replies":[{"embeddable":true,"href":"https:\/\/www.enyopharma.com\/fr\/wp-json\/wp\/v2\/comments?post=3758"}],"version-history":[{"count":7,"href":"https:\/\/www.enyopharma.com\/fr\/wp-json\/wp\/v2\/pages\/3758\/revisions"}],"predecessor-version":[{"id":6386,"href":"https:\/\/www.enyopharma.com\/fr\/wp-json\/wp\/v2\/pages\/3758\/revisions\/6386"}],"up":[{"embeddable":true,"href":"https:\/\/www.enyopharma.com\/fr\/wp-json\/wp\/v2\/pages\/2821"}],"wp:attachment":[{"href":"https:\/\/www.enyopharma.com\/fr\/wp-json\/wp\/v2\/media?parent=3758"}],"curies":[{"name":"wp","href":"https:\/\/api.w.org\/{rel}","templated":true}]}}