{"id":3761,"date":"2021-06-17T12:22:24","date_gmt":"2021-06-17T12:22:24","guid":{"rendered":"http:\/\/www.enyopharma.com\/fr\/?page_id=3761"},"modified":"2021-06-17T13:45:15","modified_gmt":"2021-06-17T13:45:15","slug":"partenariats-prives","status":"publish","type":"page","link":"https:\/\/www.enyopharma.com\/fr\/partenariats\/partenariats-prives\/","title":{"rendered":"Partenariats priv\u00e9s"},"content":{"rendered":"<p>R\u00e9aliser des partenariats et des collaborations dans l\u2019industrie des sciences de la vie est essentiel pour le d\u00e9veloppement de candidats-m\u00e9dicament innovants. Depuis sa cr\u00e9ation, ENYO Pharma a travaill\u00e9 \u00e9troitement avec plusieurs institutions acad\u00e9miques, des chercheurs, des h\u00f4pitaux et des entreprises priv\u00e9es afin de construire un portefeuille solide dans diff\u00e9rentes aires th\u00e9rapeutiques.  <\/p>\n<p>En effet, ENYO Pharma a d\u00e9velopp\u00e9 une plateforme de drug discovery innovante et r\u00e9volutionnaire permettant de d\u00e9couvrir des mol\u00e9cules brevetables contre de nouvelles cibles th\u00e9rapeutiques intracellulaires.<\/p>\n<p>ENYO Pharma est ouvert pour collaborer et faire des partenariats pour d\u00e9velopper certaines de ses mol\u00e9cules provenant de son approche unique. N\u2019h\u00e9sitez pas \u00e0 <a href=\"mailto:contact@enyopharma.com\">nous contacter<\/a> si vous \u00eates int\u00e9ress\u00e9s. <\/p>\n<h2>Nos collaborations actuelles<\/h2>\n<div class=\"ti-text-and-image ti-text-and-image--odd\"><img loading=\"lazy\" decoding=\"async\" class=\"alignnone size-medium wp-image-1408\" src=\"\/wp-content\/uploads\/2018\/10\/logo-Novadiscovery.jpg\" alt=\"Novadiscovery\" width=\"250\" height=\"187\" \/><\/p>\n<div>\n<h3>Novadiscovery<\/h3>\n<p>ENYO Pharma a sign\u00e9 un contrat de collaboration avec Novadiscovery, qui consiste \u00e0 acc\u00e9l\u00e9rer et d\u00e9risquer le d\u00e9veloppement clinique de EYP001, un agoniste non d\u00e9riv\u00e9 des acides biliaires (le r\u00e9cepteur nucl\u00e9raire farn\u00e9soide X ou FXR). <a href=\"http:\/\/www.novadiscovery.com\/live\/news\/novadiscovery-and-enyo-pharma-sign-a-collaboration-agreement-to-accelerate-the-clinical-development-of-drug-candidate-eyp001\/\">(Learn more)<\/a>\n<\/div>\n<p><\/div>\n<h2>Nos collaborations pass\u00e9es<\/h2>\n<div class=\"ti-text-and-image\"><img loading=\"lazy\" decoding=\"async\" class=\"alignnone size-medium wp-image-1408\" src=\"\/wp-content\/uploads\/2018\/10\/Charles-River-Laboratories.gif\" alt=\"Charles River\" width=\"200\" height=\"187\" \/><\/p>\n<div>\n<h3>Charles River<\/h3>\n<p>Charles River Laboratories International et ENYO Pharma ont initi\u00e9 une collaboration pour identifier le mode d\u2019action des principales s\u00e9ries chimiques pr\u00e9cliniques d\u2019ENYO Pharma en utilisant le nouvel outil d\u2019identification de cibles mol\u00e9culaires acquis par Charles River: la technologie de spectrom\u00e9trie de masse \u00e0 composition de capture (CCMS). <a href=\"http:\/\/www.enyopharma.com\/fr\/charles-river-et-enyo-pharma-annoncent-aujourdhui-les-resultats-dune-collaboration-reussie\/\"> (Learn more)<\/a>\n<\/div>\n<p><\/div>\n<h2>Contact<\/h2>\n<p>ENYO Pharma SA<br \/>\nBIOSERRA 1 B\u00e2timent B<br \/>\n60 avenue Rockefeller<br \/>\n69008 LYON, FRANCE<br \/>\nMail: <a href=\"mailto:&amp;&#035;&#057;6&#059;&#099;&#111;nt&#097;&#099;&#116;&#064;&#101;&#110;&#121;&#111;p&#104;arm&#097;&#046;c&#111;&#109;\" target=\"_blank\" rel=\"noopener\">&#99;&#111;&#110;t&#97;&#99;t&#64;&#101;&#110;y&#111;&#112;h&#97;r&#109;a.co&#109;<\/a><\/p>\n","protected":false},"excerpt":{"rendered":"<p>R\u00e9aliser des partenariats et des collaborations dans l\u2019industrie des sciences de la vie est essentiel pour le d\u00e9veloppement de candidats-m\u00e9dicament innovants. Depuis sa cr\u00e9ation, ENYO Pharma a travaill\u00e9 \u00e9troitement avec plusieurs institutions acad\u00e9miques, des chercheurs, des h\u00f4pitaux et des entreprises priv\u00e9es afin de construire un portefeuille solide dans diff\u00e9rentes aires th\u00e9rapeutiques.  <\/p>\n<p>En effet, ENYO Pharma a d\u00e9velopp\u00e9 une plateforme de drug discovery innovante et r\u00e9volutionnaire permettant de d\u00e9couvrir des mol\u00e9cules brevetables contre de nouvelles cibles th\u00e9rapeutiques intracellulaires.<\/p>\n<p><a class=\"read-more\" href=\"https:\/\/www.enyopharma.com\/fr\/partenariats\/partenariats-prives\/\">Lire la suite&nbsp;&raquo;<\/a><\/p>\n","protected":false},"author":2,"featured_media":0,"parent":2821,"menu_order":1,"comment_status":"closed","ping_status":"closed","template":"","meta":{"_acf_changed":false,"footnotes":""},"class_list":["post-3761","page","type-page","status-publish","hentry"],"acf":[],"jetpack_sharing_enabled":true,"rttpg_featured_image_url":null,"rttpg_author":{"display_name":"editorENYOPharma","author_link":"https:\/\/www.enyopharma.com\/fr\/author\/editorenyopharma\/"},"rttpg_comment":0,"rttpg_category":null,"rttpg_excerpt":"R\u00e9aliser des partenariats et des collaborations dans l\u2019industrie des sciences de la vie est essentiel pour le d\u00e9veloppement de candidats-m\u00e9dicament innovants. Depuis sa cr\u00e9ation, ENYO Pharma a travaill\u00e9 \u00e9troitement avec plusieurs institutions acad\u00e9miques, des chercheurs, des h\u00f4pitaux et des entreprises priv\u00e9es afin de construire un portefeuille solide dans diff\u00e9rentes aires th\u00e9rapeutiques. En effet, ENYO Pharma&hellip;","_links":{"self":[{"href":"https:\/\/www.enyopharma.com\/fr\/wp-json\/wp\/v2\/pages\/3761","targetHints":{"allow":["GET"]}}],"collection":[{"href":"https:\/\/www.enyopharma.com\/fr\/wp-json\/wp\/v2\/pages"}],"about":[{"href":"https:\/\/www.enyopharma.com\/fr\/wp-json\/wp\/v2\/types\/page"}],"author":[{"embeddable":true,"href":"https:\/\/www.enyopharma.com\/fr\/wp-json\/wp\/v2\/users\/2"}],"replies":[{"embeddable":true,"href":"https:\/\/www.enyopharma.com\/fr\/wp-json\/wp\/v2\/comments?post=3761"}],"version-history":[{"count":4,"href":"https:\/\/www.enyopharma.com\/fr\/wp-json\/wp\/v2\/pages\/3761\/revisions"}],"predecessor-version":[{"id":3806,"href":"https:\/\/www.enyopharma.com\/fr\/wp-json\/wp\/v2\/pages\/3761\/revisions\/3806"}],"up":[{"embeddable":true,"href":"https:\/\/www.enyopharma.com\/fr\/wp-json\/wp\/v2\/pages\/2821"}],"wp:attachment":[{"href":"https:\/\/www.enyopharma.com\/fr\/wp-json\/wp\/v2\/media?parent=3761"}],"curies":[{"name":"wp","href":"https:\/\/api.w.org\/{rel}","templated":true}]}}