{"id":4322,"date":"2023-05-11T14:04:42","date_gmt":"2023-05-11T14:04:42","guid":{"rendered":"http:\/\/www.enyopharma.com\/fr\/?page_id=4322"},"modified":"2026-01-19T11:04:18","modified_gmt":"2026-01-19T11:04:18","slug":"serie-vonafexor","status":"publish","type":"page","link":"https:\/\/www.enyopharma.com\/fr\/science\/serie-vonafexor\/","title":{"rendered":"Serie Vonafexor"},"content":{"rendered":"<p>ENYO Pharma d\u00e9veloppe son portefeuille de produits avec la s\u00e9rie Vonafexor pour les maladies pr\u00e9sentant une insuffisance r\u00e9nale comme le syndrome d&#8217;Alport, les maladies r\u00e9nales chroniques (MRC) et la st\u00e9atoh\u00e9patite associ\u00e9e \u00e0 une dysfonctionnement m\u00e9tabolique (MASH).<\/p>\n<h2>Vonafexor (EYP001)<\/h2>\n<p>Vonafexor est un agoniste synth\u00e9tique non st\u00e9ro\u00efdien et non biliaire de FXR <sup>(1)<\/sup>. Il active FXR avec une s\u00e9lectivit\u00e9 \u00e9lev\u00e9e par rapport aux autres r\u00e9cepteurs nucl\u00e9aires et ne pr\u00e9sente aucune activit\u00e9 sur le r\u00e9cepteur des acides biliaires TGR5.<br \/>\nCette petite mol\u00e9cule a une structure diff\u00e9rente de celle des autres agonistes du FXR et induit un ensemble diff\u00e9rentiel de g\u00e8nes cibles bas\u00e9s sur des mod\u00e8les de liaison au ligand.<\/p>\n<h2>Vonafexor dans les maladies pr\u00e9sentant une insuffisance r\u00e9nale<\/h2>\n<div class=\"ti-text-and-image ti-text-and-image--odd\"><br \/>\n<img decoding=\"async\" src=\"\/wp-content\/uploads\/2023\/05\/Alport_image_2023.png\" alt=\"Alport syndrome\" width=\"150\" height=\"94 class=\" \/><\/p>\n<div>\n<h3>Le syndrome d&#8217;Alport<\/h3>\n<p>Une maladie r\u00e9nale rare, la deuxi\u00e8me maladie r\u00e9nale h\u00e9r\u00e9ditaire la plus courante<\/p>\n<\/div>\n<p><\/div>\n<ul>\n<li><b>Etudes pr\u00e9cliniques<\/b> : Des \u00e9tudes pr\u00e9cliniques sur un mod\u00e8le murin du syndrome d&#8217;Alport s\u00e9v\u00e8re<sup>(2)<\/sup> ont confirm\u00e9 les effets de Vonafexor dans cette indication en am\u00e9liorant fortement la morphologie et le remodelage du rein, ainsi que la fonction r\u00e9nale.<\/li>\n<\/ul>\n<div class=\"ti-text-and-image ti-text-and-image--odd\"><br \/>\n<img loading=\"lazy\" decoding=\"async\" class=\"alignmiddle size-medium wp-image-1405\" src=\"\/wp-content\/uploads\/2023\/05\/CKD_image_2023.png\" alt=\"CKD\" width=\"150\" height=\"94\" \/><\/p>\n<div>\n<h3>La maladie r\u00e9nale chronique<\/h3>\n<p>Une maladie accompagn\u00e9e d&#8217;une perte progressive de la fonction r\u00e9nale<\/p>\n<\/div>\n<p><\/div>\n<ul>\n<li><b>Etudes pr\u00e9cliniques<\/b>: Des \u00e9tudes pr\u00e9cliniques r\u00e9alis\u00e9es sur un mod\u00e8le murin de maladie r\u00e9nale chronique s\u00e9v\u00e8re<sup>(2)<\/sup> montrent que Vonafexor et son analogue ont tous deux un effet curatif fort et significatif sur la biologie r\u00e9nale apr\u00e8s seulement 3 semaines de traitement, par rapport \u00e0 Ocaliva, Nidufexor et Losartan (traitement de r\u00e9f\u00e9rence pour les MRC), sur la morphologie et le remodelage r\u00e9naux, la fibrose interstitielle r\u00e9nale et l&#8217;inflammation.<\/li>\n<li><b>Etudes cliniques<\/b>: L\u2019\u00e9tude de Phase 2a LIVIFY chez des patients MASH atteints de fibrose h\u00e9patique F2-F3 montre que Vonafexor am\u00e9liore significativement les param\u00e8tres de la fonction r\u00e9nale apr\u00e8s 12 semaines de traitement.<\/li>\n<\/ul>\n<div class=\"ti-text-and-image ti-text-and-image--odd\"><br \/>\n<img decoding=\"async\" src=\"\/wp-content\/uploads\/2023\/05\/NASH_image_2023.png\" alt=\"MASH\" width=\"150\" height=\"94 class=\" \/><\/p>\n<div>\n<h3>NASH, st\u00e9atose h\u00e9patite non alcoolique<\/h3>\n<p>Une maladie du foie \u00e9voluant vers une maladie r\u00e9nale chronique<\/p>\n<\/div>\n<p><\/div>\n<ul>\n<li><b>Etudes pr\u00e9cliniques<\/b>: Des \u00e9tudes pr\u00e9cliniques ont d\u00e9montr\u00e9 l&#8217;efficacit\u00e9 de Vonafexor dans le mod\u00e8le murin STAM(TM) avec un impact positif significatif sur la plupart des param\u00e8tres cl\u00e9s de la NASH. Il se diff\u00e9rencie des autres agonistes du FXR par une chimie et un profil PK\/PD uniques pour \u00e9ventuellement fournir le meilleur indice th\u00e9rapeutique de sa cat\u00e9gorie.<\/li>\n<li><b>Etude clinique<\/b>: L&#8217;\u00e9tude de Phase 2a LIVIFY a r\u00e9cemment \u00e9valu\u00e9 Vonafexor (EYP001) chez des patients atteints de NASH avanc\u00e9e, c&#8217;est \u00e0 dire d&#8217;une fibrose de stade F2 ou F3. Des r\u00e9sultats positifs ont montr\u00e9 que Vonafexor diminue la fibrose h\u00e9patique et les marqueurs d\u2019inflammation (fibroscan, cT1,\u2026), r\u00e9duit la graisse et le poids du foie et am\u00e9liore les enzymes h\u00e9patiques et la fonction r\u00e9nale. La NASH augmentant le risque de probl\u00e8mes r\u00e9naux, ces r\u00e9sultats soutiennent le d\u00e9veloppement de Vonafexor pour les patients souffrant de maladies avec insuffisance r\u00e9nale.<a href=\"https:\/\/www.enyopharma.com\/science\/publications\/\" target=\"_blank\" rel=\"noopener\"> Ratziu et al. (2022)<\/a><\/li>\n<\/ul>\n<div class=\"ti-aside-full\"><\/p>\n<div><sup>(1)<\/sup> FXR : le r\u00e9cepteur farn\u00e9so\u00efde X (FXR) est un r\u00e9cepteur nucl\u00e9aire principalement exprim\u00e9 dans le foie, les reins et l&#8217;intestin et est cod\u00e9 par le g\u00e8ne NR1H4.\u00a0Il est activ\u00e9 par les acides biliaires et r\u00e9gule donc des g\u00e8nes cibl\u00e9s impliqu\u00e9s dans de nombreux processus biologiques tels que le m\u00e9tabolisme des acides biliaires, l&#8217;inflammation, la fibrose, le m\u00e9tabolisme du glucose et des lipides.<br \/>\n<sup>(2)<\/sup> En collaboration avec le laboratoire du <a href=\"https:\/\/www.institut-necker-enfants-malades.fr\/index.php?menu=team&amp;rubric=teamtabs&amp;idfac=terzi&amp;lang=en\" target=\"_blank\" rel=\"noopener\">Dr Fabiola Terzi, M\u00e9canismes et strat\u00e9gies th\u00e9rapeutiques de l&#8217;insuffisance r\u00e9nale chronique, INEM, Paris, France<\/a><\/div>\n<p><\/div>\n<h2>Leaders d\u2019opinion cl\u00e9s<\/h2>\n<h3>Pr Myles Wolf, MD, MMSc<\/h3>\n<p><img loading=\"lazy\" decoding=\"async\" class=\"img-thumbnail size-thumbnail wp-image-131 alignleft\" src=\"\/wp-content\/uploads\/2023\/05\/Wolf.jpg\" alt=\"M Wolf\" width=\"100\" height=\"100\" \/><\/p>\n<ul>\n<li>Professeur de m\u00e9decine et chef de la division de n\u00e9phrologie \u00e0 l&#8217;Universit\u00e9 de M\u00e9decine de Duke, \u00c9tats-Unis<\/li>\n<\/ul>\n<p><a href=\"https:\/\/medicine.duke.edu\/profile\/myles-selig-wolf\" target=\"_blank\" rel=\"noopener\">https:\/\/medicine.duke.edu<\/a><\/p>\n<div class=\"clearfix\"><\/div>\n<h3>Pr Bertrand Knebelmann, MD, PhD<\/h3>\n<p><img loading=\"lazy\" decoding=\"async\" class=\"img-thumbnail size-thumbnail wp-image-131 alignleft\" src=\"\/wp-content\/uploads\/2023\/05\/Knebelmann.jpg\" alt=\"B Knebelmann\" width=\"100\" height=\"100\" \/><\/p>\n<ul>\n<li>N\u00e9phrologue au service de n\u00e9phrologie-dialyse adulte de l&#8217;h\u00f4pital Necker-Enfants Malades \u00e0 Paris et professeur \u00e0 l&#8217;Universit\u00e9 Paris-Descartes, Paris, France<\/li>\n<\/ul>\n<p><a href=\"https:\/\/medicine.duke.edu\/profile\/myles-selig-wolf\" target=\"_blank\" rel=\"noopener\">https:\/\/medicine.duke.edu<\/a><\/p>\n<div class=\"clearfix\"><\/div>\n<h3>Dr Fabiola Terzi, MD, PhD<\/h3>\n<p><img loading=\"lazy\" decoding=\"async\" class=\"img-thumbnail size-thumbnail wp-image-131 alignleft\" src=\"\/wp-content\/uploads\/2021\/10\/fabiola_terzi_squarred.png\" alt=\"F Terzi\" width=\"100\" height=\"100\" \/><\/p>\n<ul>\n<li>Directrice de l&#8217;Institut Necker-Enfants Malades (INEM) et du laboratoire de recherche &#8220;M\u00e9canismes et strat\u00e9gies th\u00e9rapeutiques de l&#8217;insuffisance r\u00e9nale chronique, INEM, Paris, France<\/li>\n<\/ul>\n<p><a href=\"https:\/\/www.institut-necker-enfants-malades.fr\/index.php\" target=\"_blank\" rel=\"noopener\">https:\/\/www.institut-necker-enfants-malades.fr<\/a><\/p>\n<div class=\"clearfix\"><\/div>\n<h3>Dr Naim Alkhouri, MD<\/h3>\n<p><img loading=\"lazy\" decoding=\"async\" class=\"img-thumbnail size-thumbnail wp-image-131 alignleft\" src=\"\/wp-content\/uploads\/2021\/10\/Naim_Alkhouri_squarred.png\" alt=\"N Alkhouri\" width=\"100\" height=\"100\" \/><\/p>\n<ul>\n<li>Vice-pr\u00e9sident des affaires acad\u00e9miques, directeur du programme Fatty Liver, Sant\u00e9 du foie de l&#8217;Arizona, Scottsdale, Arizona<\/li>\n<\/ul>\n<p><a href=\"https:\/\/www.azliver.com\/about\/?providers\" target=\"_blank\" rel=\"noopener\">https:\/\/www.azliver.com<\/a><\/p>\n<div class=\"clearfix\"><\/div>\n<h3>Pr Jean-Fran\u00e7ois Dufour, MD<\/h3>\n<p><img loading=\"lazy\" decoding=\"async\" class=\"img-thumbnail size-thumbnail wp-image-131 alignleft\" src=\"\/wp-content\/uploads\/2021\/10\/JF_dufour_squarred.png\" alt=\"JF Dufour\" width=\"100\" height=\"100\" \/><\/p>\n<ul>\n<li>Pr\u00e9sident de la Fondation suisse de la NASH et &amp; Fondation suisse contre le cancer du foie<\/li>\n<li>Professeur d&#8217;h\u00e9patologie \u00e0 l&#8217;H\u00f4pital universitaire de Berne \u00e0 Berne, Suisse<\/li>\n<\/ul>\n<p><a href=\"https:\/\/swissnashfoundation.org\/\" target=\"_blank\" rel=\"noopener\">https:\/\/swissnashfoundation.org\/<\/a><\/p>\n<div class=\"clearfix\"><\/div>\n<h3>Pr Sven Francque, MD, PhD<\/h3>\n<p><img loading=\"lazy\" decoding=\"async\" class=\"img-thumbnail size-thumbnail wp-image-131 alignleft\" src=\"\/wp-content\/uploads\/2018\/06\/Sven-Francque.jpg\" alt=\"S Francque\" width=\"100\" height=\"100\" \/><\/p>\n<ul>\n<li>Pr\u00e9sident du d\u00e9partement de gastroent\u00e9rologie et d&#8217;h\u00e9patologie de l&#8217;H\u00f4pital universitaire d&#8217;Anvers, Belgique<\/li>\n<li>Professeur de m\u00e9decine \u00e0 la Facult\u00e9 de m\u00e9decine et des sciences de la sant\u00e9 de l&#8217;Universit\u00e9 d&#8217;Anvers en Belgique<\/li>\n<\/ul>\n<p><a href=\"https:\/\/academicmedicaleducation.com\/sven-francque-md-phd\/\" target=\"_blank\" rel=\"noopener\">https:\/\/academicmedicaleducation.com\/sven-francque-md-phd\/<\/a><\/p>\n<div class=\"clearfix\"><\/div>\n<h3>Dr Stephen Harrison, MD<\/h3>\n<p><img loading=\"lazy\" decoding=\"async\" class=\"img-thumbnail size-thumbnail wp-image-131 alignleft\" src=\"\/wp-content\/uploads\/2021\/10\/Steve_Harrison_squarred.png\" alt=\"S Harrison\" width=\"100\" height=\"100\" \/><\/p>\n<ul>\n<li>Directeur m\u00e9dical de Pinnacle Clinical Research, San Antonio, \u00c9tats-Unis<\/li>\n<li>Gastro-ent\u00e9rologue\/h\u00e9patologue, sp\u00e9cialis\u00e9 dans les maladies du foie<\/li>\n<\/ul>\n<p><a href=\"https:\/\/www.pinnacleresearch.com\/\" target=\"_blank\" rel=\"noopener\">www.pinnacleresearch.com<\/a><\/p>\n<div class=\"clearfix\"><\/div>\n<h3>Pr Vlad Ratziu, MD, PhD<\/h3>\n<p><img loading=\"lazy\" decoding=\"async\" class=\"img-thumbnail size-thumbnail wp-image-131 alignleft\" src=\"\/wp-content\/uploads\/2018\/06\/Vlad-Ratziu.jpg\" alt=\"V Ratziu\" width=\"100\" height=\"100\" \/><\/p>\n<ul>\n<li>Professeur \u00e0 Sorbonne Universit\u00e9 et H\u00f4pital Piti\u00e9 Salpetri\u00e8re, Paris, France<\/li>\n<\/ul>\n<p><a href=\"https:\/\/pitiesalpetriere.aphp.fr\/hepato-gastro-enterologie\/\" target=\"_blank\" rel=\"noopener\">https:\/\/pitiesalpetriere.aphp.fr<\/a><\/p>\n<div class=\"clearfix\"><\/div>\n<h3>Pr Nadarajah Sreeharan, MD, PhD<\/h3>\n<p><img loading=\"lazy\" decoding=\"async\" class=\"img-thumbnail size-thumbnail wp-image-131 alignleft\" src=\"\/wp-content\/uploads\/2021\/10\/n_sreeharan_squarred.jpg\" alt=\"N Sreeharan\" width=\"100\" height=\"100\" \/><\/p>\n<ul>\n<li>Professeur invit\u00e9 au King&#8217;s College et membre des Royal Colleges of Physicians de Londres et de l&#8217;American College of Physicians, Royaume-Uni<\/li>\n<li>Anciennement vice-pr\u00e9sident directeur et directeur m\u00e9dical europ\u00e9en de GSK R&amp;D, officier du conseil des examinateurs en m\u00e9decine pharmaceutique du Royal College of Physicians et professeur du programme Scholars in Clinical Science de la Harvard Medical School.<\/li>\n<\/ul>\n<div class=\"clearfix\"><\/div>\n","protected":false},"excerpt":{"rendered":"<p>ENYO Pharma d\u00e9veloppe son portefeuille de produits avec la s\u00e9rie Vonafexor pour les maladies pr\u00e9sentant une insuffisance r\u00e9nale comme le syndrome d&#8217;Alport, les maladies r\u00e9nales chroniques (MRC) et la st\u00e9atoh\u00e9patite associ\u00e9e \u00e0 une dysfonctionnement m\u00e9tabolique (MASH).<\/p>\n<h2>Vonafexor (EYP001)<\/h2>\n<p>Vonafexor est un agoniste synth\u00e9tique non st\u00e9ro\u00efdien et non biliaire de FXR <sup>(1)<\/sup>. Il active FXR avec une s\u00e9lectivit\u00e9 \u00e9lev\u00e9e par rapport aux autres r\u00e9cepteurs nucl\u00e9aires et ne pr\u00e9sente aucune activit\u00e9 sur le r\u00e9cepteur des acides biliaires TGR5.<\/p>\n<p><a class=\"read-more\" href=\"https:\/\/www.enyopharma.com\/fr\/science\/serie-vonafexor\/\">Lire la suite&nbsp;&raquo;<\/a><\/p>\n","protected":false},"author":2,"featured_media":0,"parent":4320,"menu_order":1,"comment_status":"closed","ping_status":"closed","template":"","meta":{"_acf_changed":false,"footnotes":""},"class_list":["post-4322","page","type-page","status-publish","hentry"],"acf":[],"jetpack_sharing_enabled":true,"rttpg_featured_image_url":null,"rttpg_author":{"display_name":"editorENYOPharma","author_link":"https:\/\/www.enyopharma.com\/fr\/author\/editorenyopharma\/"},"rttpg_comment":0,"rttpg_category":null,"rttpg_excerpt":"ENYO Pharma d\u00e9veloppe son portefeuille de produits avec la s\u00e9rie Vonafexor pour les maladies pr\u00e9sentant une insuffisance r\u00e9nale comme le syndrome d&#8217;Alport, les maladies r\u00e9nales chroniques (MRC) et la st\u00e9atoh\u00e9patite associ\u00e9e \u00e0 une dysfonctionnement m\u00e9tabolique (MASH). Vonafexor (EYP001) Vonafexor est un agoniste synth\u00e9tique non st\u00e9ro\u00efdien et non biliaire de FXR (1). Il active FXR avec&hellip;","_links":{"self":[{"href":"https:\/\/www.enyopharma.com\/fr\/wp-json\/wp\/v2\/pages\/4322","targetHints":{"allow":["GET"]}}],"collection":[{"href":"https:\/\/www.enyopharma.com\/fr\/wp-json\/wp\/v2\/pages"}],"about":[{"href":"https:\/\/www.enyopharma.com\/fr\/wp-json\/wp\/v2\/types\/page"}],"author":[{"embeddable":true,"href":"https:\/\/www.enyopharma.com\/fr\/wp-json\/wp\/v2\/users\/2"}],"replies":[{"embeddable":true,"href":"https:\/\/www.enyopharma.com\/fr\/wp-json\/wp\/v2\/comments?post=4322"}],"version-history":[{"count":7,"href":"https:\/\/www.enyopharma.com\/fr\/wp-json\/wp\/v2\/pages\/4322\/revisions"}],"predecessor-version":[{"id":6348,"href":"https:\/\/www.enyopharma.com\/fr\/wp-json\/wp\/v2\/pages\/4322\/revisions\/6348"}],"up":[{"embeddable":true,"href":"https:\/\/www.enyopharma.com\/fr\/wp-json\/wp\/v2\/pages\/4320"}],"wp:attachment":[{"href":"https:\/\/www.enyopharma.com\/fr\/wp-json\/wp\/v2\/media?parent=4322"}],"curies":[{"name":"wp","href":"https:\/\/api.w.org\/{rel}","templated":true}]}}