{"id":5260,"date":"2024-05-24T16:14:06","date_gmt":"2024-05-24T16:14:06","guid":{"rendered":"https:\/\/www.enyopharma.com\/fr\/?page_id=5260"},"modified":"2025-01-24T10:39:27","modified_gmt":"2025-01-24T10:39:27","slug":"syndrome-alport","status":"publish","type":"page","link":"https:\/\/www.enyopharma.com\/fr\/patients\/syndrome-alport\/","title":{"rendered":"Le syndrome d&#8217;Alport"},"content":{"rendered":"\n<h3 class=\"wp-block-heading\">Chez ENYO Pharma, nous pla\u00e7ons les personnes souffrant d\u2019insuffisance r\u00e9nale au centre de nos discussions.<\/h3>\n\n\n\n<p>Nous nous engageons chaque jour \u00e0 d\u00e9velopper de nouveaux traitements pour am\u00e9liorer la qualit\u00e9 de vie des patients atteints du syndrome d&#8217;Alport. Travailler en \u00e9troite collaboration avec les associations de patients nous permet de renforcer notre meilleure strat\u00e9gie de d\u00e9veloppement d&#8217;\u00e9tudes cliniques pour le syndrome d&#8217;Alport.<\/p>\n\n\n\n<h2 class=\"wp-block-heading\" id=\"ALPESTRIA-1-clinical-trial\">L&#8217;\u00e9tude clinique de Phase 2 ALPESTRIA-1<\/h2>\n\n\n\n<p>Nous visons \u00e0 pr\u00e9server la fonction r\u00e9nale et r\u00e9parer les l\u00e9sions r\u00e9nales des patients atteints du syndrome d\u2019Alport avec le m\u00e9dicament exp\u00e9rimental Vonafexor dans l\u2019\u00e9tude clinique de Phase 2 nomm\u00e9e \u00ab&nbsp;ALPESTRIA-1&nbsp;\u00bb.<\/p>\n\n\n\n<ul class=\"wp-block-list\">\n<li><img loading=\"lazy\" decoding=\"async\" width=\"20\" height=\"15\" data-attachment-id=\"5607\" data-permalink=\"https:\/\/www.enyopharma.com\/fr\/flag-fr\/\" data-orig-file=\"https:\/\/i0.wp.com\/www.enyopharma.com\/wp-content\/uploads\/2024\/10\/Flag-FR-e1730905991821.png?fit=486%2C366&amp;ssl=1\" data-orig-size=\"486,366\" data-comments-opened=\"0\" data-image-meta=\"{&quot;aperture&quot;:&quot;0&quot;,&quot;credit&quot;:&quot;&quot;,&quot;camera&quot;:&quot;&quot;,&quot;caption&quot;:&quot;&quot;,&quot;created_timestamp&quot;:&quot;0&quot;,&quot;copyright&quot;:&quot;&quot;,&quot;focal_length&quot;:&quot;0&quot;,&quot;iso&quot;:&quot;0&quot;,&quot;shutter_speed&quot;:&quot;0&quot;,&quot;title&quot;:&quot;&quot;,&quot;orientation&quot;:&quot;0&quot;}\" data-image-title=\"Flag-FR\" data-image-description=\"\" data-image-caption=\"\" data-medium-file=\"https:\/\/i0.wp.com\/www.enyopharma.com\/wp-content\/uploads\/2024\/10\/Flag-FR-e1730905991821.png?fit=300%2C226&amp;ssl=1\" data-large-file=\"https:\/\/i0.wp.com\/www.enyopharma.com\/wp-content\/uploads\/2024\/10\/Flag-FR-e1730905991821.png?fit=486%2C366&amp;ssl=1\" class=\"wp-image-5607\" style=\"width: 20px;\" src=\"https:\/\/i0.wp.com\/www.enyopharma.com\/wp-content\/uploads\/2024\/10\/Flag-FR-e1730905991821.png?resize=20%2C15\" alt=\"\" srcset=\"https:\/\/i0.wp.com\/www.enyopharma.com\/wp-content\/uploads\/2024\/10\/Flag-FR-e1730905991821.png?w=486&amp;ssl=1 486w, https:\/\/i0.wp.com\/www.enyopharma.com\/wp-content\/uploads\/2024\/10\/Flag-FR-e1730905991821.png?resize=300%2C226&amp;ssl=1 300w\" sizes=\"auto, (max-width: 20px) 100vw, 20px\" data-recalc-dims=\"1\" \/>  <a href=\"http:\/\/www.enyopharma.com\/wp-content\/uploads\/2024\/11\/ALPESTRIA-1_Informations_FR.pdf\" target=\"_blank\" rel=\"noreferrer noopener\">T\u00e9l\u00e9charger les informations sur l&#8217;\u00e9tude<\/a><\/li>\n\n\n\n<li><img loading=\"lazy\" decoding=\"async\" width=\"20\" height=\"13\" data-attachment-id=\"5608\" data-permalink=\"https:\/\/www.enyopharma.com\/fr\/flag_en\/\" data-orig-file=\"https:\/\/i0.wp.com\/www.enyopharma.com\/wp-content\/uploads\/2024\/10\/Flag_EN-e1730906065465.png?fit=512%2C345&amp;ssl=1\" data-orig-size=\"512,345\" data-comments-opened=\"0\" data-image-meta=\"{&quot;aperture&quot;:&quot;0&quot;,&quot;credit&quot;:&quot;&quot;,&quot;camera&quot;:&quot;&quot;,&quot;caption&quot;:&quot;&quot;,&quot;created_timestamp&quot;:&quot;0&quot;,&quot;copyright&quot;:&quot;&quot;,&quot;focal_length&quot;:&quot;0&quot;,&quot;iso&quot;:&quot;0&quot;,&quot;shutter_speed&quot;:&quot;0&quot;,&quot;title&quot;:&quot;&quot;,&quot;orientation&quot;:&quot;0&quot;}\" data-image-title=\"Flag_EN\" data-image-description=\"\" data-image-caption=\"\" data-medium-file=\"https:\/\/i0.wp.com\/www.enyopharma.com\/wp-content\/uploads\/2024\/10\/Flag_EN-e1730906065465.png?fit=300%2C202&amp;ssl=1\" data-large-file=\"https:\/\/i0.wp.com\/www.enyopharma.com\/wp-content\/uploads\/2024\/10\/Flag_EN-e1730906065465.png?fit=512%2C345&amp;ssl=1\" class=\"wp-image-5608\" style=\"width: 20px;\" src=\"https:\/\/i0.wp.com\/www.enyopharma.com\/wp-content\/uploads\/2024\/10\/Flag_EN-e1730906065465.png?resize=20%2C13\" alt=\"\" srcset=\"https:\/\/i0.wp.com\/www.enyopharma.com\/wp-content\/uploads\/2024\/10\/Flag_EN-e1730906065465.png?w=512&amp;ssl=1 512w, https:\/\/i0.wp.com\/www.enyopharma.com\/wp-content\/uploads\/2024\/10\/Flag_EN-e1730906065465.png?resize=300%2C202&amp;ssl=1 300w\" sizes=\"auto, (max-width: 20px) 100vw, 20px\" data-recalc-dims=\"1\" \/>  <a href=\"http:\/\/www.enyopharma.com\/wp-content\/uploads\/2024\/11\/ALPESTRIA-1_Information_EN.pdf\" target=\"_blank\" rel=\"noreferrer noopener\">Download trial information<\/a><\/li>\n\n\n\n<li><img loading=\"lazy\" decoding=\"async\" width=\"20\" height=\"13\" data-attachment-id=\"5606\" data-permalink=\"https:\/\/www.enyopharma.com\/fr\/flag_sp\/\" data-orig-file=\"https:\/\/i0.wp.com\/www.enyopharma.com\/wp-content\/uploads\/2024\/10\/Flag_SP-e1730906015265.png?fit=512%2C337&amp;ssl=1\" data-orig-size=\"512,337\" data-comments-opened=\"0\" data-image-meta=\"{&quot;aperture&quot;:&quot;0&quot;,&quot;credit&quot;:&quot;&quot;,&quot;camera&quot;:&quot;&quot;,&quot;caption&quot;:&quot;&quot;,&quot;created_timestamp&quot;:&quot;0&quot;,&quot;copyright&quot;:&quot;&quot;,&quot;focal_length&quot;:&quot;0&quot;,&quot;iso&quot;:&quot;0&quot;,&quot;shutter_speed&quot;:&quot;0&quot;,&quot;title&quot;:&quot;&quot;,&quot;orientation&quot;:&quot;0&quot;}\" data-image-title=\"Flag_SP\" data-image-description=\"\" data-image-caption=\"\" data-medium-file=\"https:\/\/i0.wp.com\/www.enyopharma.com\/wp-content\/uploads\/2024\/10\/Flag_SP-e1730906015265.png?fit=300%2C197&amp;ssl=1\" data-large-file=\"https:\/\/i0.wp.com\/www.enyopharma.com\/wp-content\/uploads\/2024\/10\/Flag_SP-e1730906015265.png?fit=512%2C337&amp;ssl=1\" class=\"wp-image-5606\" style=\"width: 20px;\" src=\"https:\/\/i0.wp.com\/www.enyopharma.com\/wp-content\/uploads\/2024\/10\/Flag_SP-e1730906015265.png?resize=20%2C13\" alt=\"\" srcset=\"https:\/\/i0.wp.com\/www.enyopharma.com\/wp-content\/uploads\/2024\/10\/Flag_SP-e1730906015265.png?w=512&amp;ssl=1 512w, https:\/\/i0.wp.com\/www.enyopharma.com\/wp-content\/uploads\/2024\/10\/Flag_SP-e1730906015265.png?resize=300%2C197&amp;ssl=1 300w\" sizes=\"auto, (max-width: 20px) 100vw, 20px\" data-recalc-dims=\"1\" \/>  <a href=\"http:\/\/www.enyopharma.com\/wp-content\/uploads\/2024\/11\/ALPESTRIA-1_Informacion_ES.pdf\" target=\"_blank\" rel=\"noreferrer noopener\">Descargar informaci\u00f3n de ensayo<\/a><\/li>\n<\/ul>\n\n\n<div class=\"ti-text-and-image ti-text-and-image--odd\"><img loading=\"lazy\" decoding=\"async\" class=\"alignnone size-medium wp-image-1405\" src=\"\/wp-content\/uploads\/2024\/05\/Alpestria-1_logo_L150-2.png\" alt=\"Alpestria-1\" width=\"150\" height=\"87\" \/><\/p>\n<div>\n<h3>Qu\u2019est-ce que l\u2019\u00e9tude clinique ALPESTRIA-1 ?<\/h3>\n<p>Alport syndrome Efficacy and Safety Trial-1<\/p>\n<\/div>\n<p><\/div>\n\n\n\n<p><\/p>\n\n\n\n<ul class=\"wp-block-list\">\n<li><b>Objectifs <\/b>: ALPESTRIA-1 est une \u00e9tude clinique de Phase 2 \u00e9valuant l\u2019innocuit\u00e9, la tol\u00e9rance et l\u2019effet de trois niveaux de dose du m\u00e9dicament exp\u00e9rimental Vonafexor sur la fonction r\u00e9nale des patients atteints du syndrome d\u2019Alport.<\/li>\n\n\n\n<li><b>Design<\/b> : L\u2019\u00e9tude est une \u00e9tude ouverte comportant un seul groupe de patients qui re\u00e7oit une dose croissante de Vonafexor au cours du traitement. Il n\u2019y a donc pas de groupe \u00ab&nbsp;placebo&nbsp;\u00bb : tous les participants seront trait\u00e9s par Vonafexor.<\/li>\n\n\n\n<li><b>Traitement<\/b> : Chaque participant recevra un comprim\u00e9 de Vonafexor une fois par jour pendant 24 semaines, puis arr\u00eatera le traitement et sera suivi pendant 12 semaines.<\/li>\n\n\n\n<li><b>D\u00e9roulement <\/b>: L\u2019\u00e9tude clinique comprend 5 visites obligatoires r\u00e9alis\u00e9es au centre d\u2019\u00e9tude, 4 visites au centre de l\u2019\u00e9tude ou \u00e0 domicile, 4 appels t\u00e9l\u00e9phoniques et des pr\u00e9l\u00e8vements sanguins et\/ou d\u2019urine.<\/li>\n\n\n\n<li><b>Patients :<\/b> L\u2019\u00e9tude vise \u00e0 traiter 20 patients en Europe (France, Espagne et Allemagne) et aux Etats-Unis.<\/li>\n<\/ul>\n\n\n<div class=\"ti-text-and-image ti-text-and-image--odd\"><img loading=\"lazy\" decoding=\"async\" class=\"alignnone size-medium wp-image-1405\" src=\"\/wp-content\/uploads\/2024\/05\/Drug-blue-picture-2.png\" alt=\"Vonafexor\" width=\"150\" height=\"87\" \/><\/p>\n<div>\n<h3>Qu\u2019est-ce que Vonafexor ?<\/h3>\n<p>Le m\u00e9dicament exp\u00e9rimental test\u00e9 dans l\u2019\u00e9tude clinique ALPESTRIA-1<\/p>\n<\/div>\n<p><\/div>\n\n\n\n<p><\/p>\n\n\n\n<ul class=\"wp-block-list\">\n<li><b>M\u00e9dicament :<\/b> Vonafexor est une petite mol\u00e9cule pr\u00e9sentant des propri\u00e9t\u00e9s anti-fibrotiques et anti-inflammatoires observ\u00e9es dans le rein et le foie. <a href=\"https:\/\/www.enyopharma.com\/fr\/science\/serie-vonafexor\/\" target=\"_blank\" rel=\"noreferrer noopener\">En savoir plus sur Vonafexor<\/a><\/li>\n\n\n\n<li><b>Aspects r\u00e9gulatoires :<\/b> Vonafexor a \u00e9t\u00e9 d\u00e9sign\u00e9 M\u00e9dicament orphelin par l\u2019Agence Europ\u00e9enne des M\u00e9dicaments (EMA) et l\u2019Agence am\u00e9ricaine des produits alimentaires et m\u00e9dicamenteux (FDA) en 2023.<\/li>\n<\/ul>\n\n\n<div class=\"ti-text-and-image ti-text-and-image--odd\"><img loading=\"lazy\" decoding=\"async\" class=\"alignnone size-medium wp-image-1405\" src=\"\/wp-content\/uploads\/2024\/05\/Doctor-and-patient-image.png\" alt=\"Eligibilit\u00e9 des participants\" width=\"150\" height=\"87\" \/><\/p>\n<div>\n<h3>Puis-je participer \u00e0 l&#8217;\u00e9tude clinique ALPESTRIA-1 ?<\/h3>\n<p>Je peux \u00eatre \u00e9ligible si :\n<\/p><\/div>\n<p><\/div>\n\n\n\n<p><\/p>\n\n\n\n<ul class=\"wp-block-list\">\n<li><b>Age<\/b>: J\u2019ai entre 18 et 55 ans concernant l\u2019\u00e9tude men\u00e9e en Europe (ou 16 et 55 ans concernant l\u2019\u00e9tude men\u00e9e aux Etats-Unis)<\/li>\n\n\n\n<li><b>Genre <\/b>: Je suis une femme ou un homme<\/li>\n\n\n\n<li><b>Diagnostic <\/b>: J\u2019ai \u00e9t\u00e9 diagnostiqu\u00e9.e pour le syndrome d\u2019Alport et mon test g\u00e9n\u00e9tique pour la maladie est positif<\/li>\n\n\n\n<li><b>Fonction r\u00e9nale <\/b>: J&#8217;ai une augmentation de la prot\u00e9inurie ou de l&#8217;albuminurie<\/li>\n\n\n\n<li><b><strong>Prot\u00e9inurie\/albuminurie<\/strong><\/b> : J\u2019ai une augmentation de la prot\u00e9inurie ou de l\u2019albuminurie<\/li>\n\n\n\n<li><b>Traitement<\/b>: Je peux participer \u00e0 l&#8217;\u00e9tude m\u00eame si je suis d\u00e9j\u00e0 sous traitement par un inhibiteur de l&#8217;enzyme de conversion (IEC), un antagoniste des r\u00e9cepteurs de l&#8217;angiotensine II (ARA) ou un inhibiteur du cotransporteur sodium-glucose 2 (iSGLT2) <\/li>\n<\/ul>\n\n\n<div class=\"ti-text-and-image ti-text-and-image--odd\"><img loading=\"lazy\" decoding=\"async\" class=\"alignnone size-medium wp-image-1405\" src=\"\/wp-content\/uploads\/2024\/05\/iStock-671886438.jpg\" alt=\"Status and site locations\" width=\"150\" height=\"87\" \/><\/p>\n<div>\n<h3>Statut et centres de l\u2019\u00e9tude<\/h3>\n<p>L\u2019\u00e9tude se d\u00e9roule \u00e0 la fois en Europe et aux Etats-Unis\n<\/p><\/div>\n<p><\/div>\n\n\n\n<p><\/p>\n\n\n\n<ul class=\"wp-block-list\">\n<li><b>Statut de l&#8217;\u00e9tude <\/b>: <strong><mark style=\"background-color:rgba(0, 0, 0, 0)\" class=\"has-inline-color has-vivid-red-color\">Recrutement termin\u00e9<\/mark><\/strong><\/li>\n\n\n\n<li><b><strong>Centres de l\u2019\u00e9tude<\/strong><\/b> : L\u2019\u00e9tude est men\u00e9e \u00e0 la fois en Europe (France et Espagne) et aux Etats-Unis.<\/li>\n<\/ul>\n\n\n\n<p>Tous les centres de l\u2019\u00e9tudes sont localis\u00e9s sur la carte ci-dessous. Pour obtenir des informations sur un centre, veuillez s\u00e9lectionner le centre en question dans la liste ou cliquer sur la carte. Cliquer sur +\/- pour agrandir\/r\u00e9tr\u00e9cir la carte.<\/p>\n\n\n\n\n\n<p><\/p>\n\n\n<div class=\"ti-text-and-image ti-text-and-image--odd\"><img loading=\"lazy\" decoding=\"async\" class=\"alignnone size-medium wp-image-1405\" src=\"\/wp-content\/uploads\/2024\/05\/iStock-908655400-small.jpg\" alt=\"En savoir plus sur ALPESTRIA-1\" width=\"150\" height=\"87\" \/><\/p>\n<div>\n<h3>En savoir plus sur l&#8217;\u00e9tude ALPESTRIA-1<\/h3>\n<\/div>\n<p><\/div>\n\n\n\n<p><\/p>\n\n\n\n<ul class=\"wp-block-list\">\n<li>Si vous avez des questions concernant l\u2019\u00e9tude clinique ALPESTRIA-1, veuillez consulter votre m\u00e9decin traitant.<\/li>\n\n\n\n<li>Pour l\u2019Europe (France, Espagne et Allemagne), consulter le site internet <a href=\"https:\/\/euclinicaltrials.eu\/search-for-clinical-trials\/?lang=en&amp;EUCT=2023-509638-20-00\" target=\"_blank\" rel=\"noreferrer noopener\">https:\/\/euclinicaltrials.eu<\/a> avec la r\u00e9f\u00e9rence 2023-509638-20 ou le site internet <a href=\"https:\/\/www.airg-france.fr\/\" data-type=\"link\" data-id=\"https:\/\/www.airg-france.fr\/\" target=\"_blank\" rel=\"noreferrer noopener\">AIRG-France<\/a>.<\/li>\n\n\n\n<li>Pour les Etats-Unis, consulter <a href=\"https:\/\/clinicaltrials.gov\/study\/NCT06425055?intr=vonafexor&amp;rank=1\" target=\"_blank\" rel=\"noreferrer noopener\">https:\/\/clinicaltrials.gov<\/a> avec la r\u00e9f\u00e9rence NCT06425055 ou le site internet <a href=\"https:\/\/alportsyndrome.org\" target=\"_blank\" rel=\"noopener\">Alport Syndrome Foundation<\/a>.<\/li>\n<\/ul>\n\n\n\n<h2 class=\"wp-block-heading\">Collaboration avec les organisations d&#8217;aide aux patients<\/h2>\n\n\n\n<p>Les associations et fondations soutiennent les patients et leurs aidants en donnant acc\u00e8s \u00e0 une information adapt\u00e9e provenant d&#8217;experts en recherche et en clinique, en cr\u00e9ant une communaut\u00e9 de patients leur permettant de se soutenir mutuellement, en amplifiant la voix des patients, en sensibilisant le public aux maladies, et en guidant les patients dans leur participation \u00e0 la recherche clinique.<\/p>\n\n\n<div class=\"ti-text-and-image ti-text-and-image--odd\"><img loading=\"lazy\" decoding=\"async\" class=\"alignnone size-medium wp-image-1405\" src=\"\/wp-content\/uploads\/2024\/04\/ASF-logo-e1714142081986.png\" alt=\"Alport Syndrome Foundation\" width=\"200\" height=\"73\" \/><\/p>\n<div>\n<h3>Alport Syndrome Foundation<\/h3>\n<p><a href=\"https:\/\/alportsyndrome.org\" target=\"_blank\" rel=\"noopener\">L&#8217;ASF<\/a> est une organisation am\u00e9ricaine \u00e0 but non lucratif dirig\u00e9e par des patients et qui se consacre \u00e0 l&#8217;am\u00e9lioration de la vie des personnes touch\u00e9es par le syndrome d&#8217;Alport aux \u00c9tats-Unis.\n<\/div>\n<p><\/div>\n\n\n<div class=\"ti-text-and-image\"><img loading=\"lazy\" decoding=\"async\" class=\"alignnone size-medium wp-image-1406\" src=\"\/wp-content\/uploads\/2025\/01\/AIRG-France_logo.jpg\" alt=\"AIRG-France\" width=\"250\" height=\"108\"><\/p>\n<div>\n<h3>AIRG-France<\/h3>\n<p><a href=\"https:\/\/www.airg-france.fr\/son-organisation\/\" target=\"_blank\" rel=\"noopener\">AIRG-France<\/a> (Association pour l&#8217;Information et la Recherche sur les Maladies G\u00e9n\u00e9tiques R\u00e9nales) est une association fran\u00e7aise dont l&#8217;objectif est d&#8217;informer et d&#8217;aider les patients et leurs aidants ainsi que de soutenir la recherche sur les maladies g\u00e9n\u00e9tiques r\u00e9nales.<\/p>\n<\/div>\n<p><\/div>\n\n\n\n<h2 class=\"wp-block-heading\" id=\"About-Alport-syndrome\">A propos du syndrome d\u2019Alport<\/h2>\n\n\n\n<ul class=\"wp-block-list\">\n<li><b>Description clinique :<\/b> Le syndrome d&#8217;Alport est une maladie r\u00e9nale rare bas\u00e9e sur un d\u00e9faut h\u00e9r\u00e9ditaire du collag\u00e8ne de type IV, un mat\u00e9riau structurel n\u00e9cessaire au fonctionnement des reins, des yeux et des oreilles.<details><summary><mark style=\"background-color:rgba(0, 0, 0, 0)\" class=\"has-inline-color has-vivid-red-color\">En savoir plus<\/mark><\/summary>Le sympt\u00f4me principal est une h\u00e9maturie (sang dans les urines) au d\u00e9but de la vie, suivie d&#8217;une prot\u00e9inurie (pr\u00e9sence de prot\u00e9ines dans les urines), d&#8217;une hypertension et d&#8217;un \u0153d\u00e8me. Ensemble, ces sympt\u00f4mes conduisent \u00e0 un d\u00e9clin progressif de la fonction r\u00e9nale et finalement \u00e0 une insuffisance r\u00e9nale terminale (IRT). Le risque de progression de la maladie d\u00e9pend de nombreux facteurs, notamment du type g\u00e9n\u00e9tique et de la variante des patients. Les personnes vivant avec le syndrome d&#8217;Alport d\u00e9veloppent souvent une perte auditive et des probl\u00e8mes oculaires.<\/details> <\/li>\n\n\n\n<li><b>Mode de transmission :<\/b> Il existe trois types g\u00e9n\u00e9tiques du syndrome d&#8217;Alport. <details><summary><mark style=\"background-color:rgba(0, 0, 0, 0)\" class=\"has-inline-color has-vivid-red-color\">En savoir plus<\/mark><\/summary>Le plus courant est le syndrome d&#8217;Alport li\u00e9 au chromosome X (XLAS) bas\u00e9 sur une mutation du g\u00e8ne COL4A5 du collag\u00e8ne IV, o\u00f9 des ant\u00e9c\u00e9dents d&#8217;h\u00e9maturie (+\/- prot\u00e9inurie) ou d&#8217;insuffisance r\u00e9nale surviennent souvent dans la famille. XLAS repr\u00e9sente environ 74 % de la population de patients identifi\u00e9e. Les autres types g\u00e9n\u00e9tiques sont le syndrome d&#8217;Alport autosomique dominant (ADAS) et le syndrome d&#8217;Alport autosomique r\u00e9cessif (ARAS) bas\u00e9s respectivement sur la mutation du g\u00e8ne COL4A3 ou COL4A4 du collag\u00e8ne IV. Le type ARAS repr\u00e9sente 17 % et le type ADAS repr\u00e9sente 9 % des patients atteints du syndrome d&#8217;Alport.<\/details> <\/li>\n\n\n\n<li><b><strong>Epid\u00e9miologie<\/strong><\/b> <b>:<\/b> Le syndrome d&#8217;Alport est la deuxi\u00e8me maladie r\u00e9nale h\u00e9r\u00e9ditaire la plus courante, apr\u00e8s la Polykystose r\u00e9nale autosomique dominante (PKD).<details><summary><mark style=\"background-color:rgba(0, 0, 0, 0)\" class=\"has-inline-color has-vivid-red-color\">En savoir plus<\/mark><\/summary>L&#8217;incidence mondiale du syndrome d&#8217;Alport est peu pr\u00e9cise car les individus sont sous-diagnostiqu\u00e9s ou mal diagnostiqu\u00e9s. Cependant, on estime que le syndrome d&#8217;Alport affecte entre 1 sur 5 000 et 10 000 naissances vivantes aux \u00c9tats-Unis (XLAS : 1\/2 000 naissances ; ARAS : 1\/10 000 naissances ; ADAS : 1\/100 naissances).<\/details> <\/li>\n\n\n\n<li><b>Traitement:<\/b> Il n&#8217;existe actuellement aucun rem\u00e8de contre le syndrome d&#8217;Alport et aucune option de traitement actuellement disponible n&#8217;a d\u00e9montr\u00e9 son efficacit\u00e9 pour aider les patients \u00e0 \u00e9viter l&#8217;insuffisance r\u00e9nale. <details><summary><mark style=\"background-color:rgba(0, 0, 0, 0)\" class=\"has-inline-color has-vivid-red-color\">En savoir plus<\/mark><\/summary>Les normes de soins actuelles concernent les traitements utilis\u00e9s pour l&#8217;insuffisance r\u00e9nale chronique (IRC), notamment les inhibiteurs de l&#8217;enzyme de conversion de l&#8217;angiotensine (ACE) ou les bloqueurs des r\u00e9cepteurs de l&#8217;angiotensine (ARA). Ces m\u00e9dicaments ont des effets secondaires, ne sont pas tol\u00e9r\u00e9s par tous les patients, peuvent exacerber l\u2019hyperkali\u00e9mie et n\u2019emp\u00eachent pas la dialyse ou la transplantation r\u00e9nale.<\/details><\/li>\n<\/ul>\n\n\n<div class=\"ti-aside-full\"><\/p>\n<div>REFERENCES:<\/p>\n<ul>\n<li>Orphanet (EU): <a href=\"https:\/\/www.orpha.net\/consor\/cgi-bin\/OC_Exp.php?lng=EN&amp;Expert=63\" target=\"_blank\" rel=\"noopener\">Orphanet<\/a><\/li>\n<li>ASF, Alport Syndrome Foundation: <a href=\"https:\/\/alportsyndrome.org\" target=\"_blank\" rel=\"noopener\">Alport Syndrome Foundation <\/a><\/li>\n<li>NORD, National Organization for Rare Disorders (US): <a href=\"https:\/\/rarediseases.org\/rare-diseases\/alport-syndrome\/\" target=\"_blank\" rel=\"noopener\">NORD<\/a><\/li>\n<li>Global data. Alport Syndrome Marketed and Pipeline Drugs Assessment, Clinical Trials and Competitive Landscape report. May 27, 2022. <a href=\"https:\/\/www.globaldata.com\/store\/report\/alport-syndrome-competitive-analysis\/\" target=\"_blank\" rel=\"noopener\">Global data<\/a><\/li>\n<\/ul>\n<\/div>\n<p><\/div>\n\n\n\n<ul class=\"wp-block-list\">\n<p><\/p>\n<\/ul>\n","protected":false},"excerpt":{"rendered":"<h3 class=\"wp-block-heading\">Chez ENYO Pharma, nous pla\u00e7ons les personnes souffrant d\u2019insuffisance r\u00e9nale au centre de nos discussions.<\/h3>\n<p>Nous nous engageons chaque jour \u00e0 d\u00e9velopper de nouveaux traitements pour am\u00e9liorer la qualit\u00e9 de vie des patients atteints du syndrome d&#8217;Alport. Travailler en \u00e9troite collaboration avec les associations de patients nous permet de renforcer notre meilleure strat\u00e9gie de d\u00e9veloppement d&#8217;\u00e9tudes cliniques pour le syndrome d&#8217;Alport.<\/p>\n<h2 class=\"wp-block-heading\" id=\"ALPESTRIA-1-clinical-trial\">L&#8217;\u00e9tude clinique de Phase 2 ALPESTRIA-1<\/h2>\n<p>Nous visons \u00e0 pr\u00e9server la fonction r\u00e9nale et r\u00e9parer les l\u00e9sions r\u00e9nales des patients atteints du syndrome d\u2019Alport avec le m\u00e9dicament exp\u00e9rimental Vonafexor dans l\u2019\u00e9tude clinique de Phase 2 nomm\u00e9e \u00ab&nbsp;ALPESTRIA-1&nbsp;\u00bb.<\/p>\n<p><a class=\"read-more\" href=\"https:\/\/www.enyopharma.com\/fr\/patients\/syndrome-alport\/\">Lire la suite&nbsp;&raquo;<\/a><\/p>\n","protected":false},"author":7,"featured_media":5174,"parent":5506,"menu_order":1,"comment_status":"closed","ping_status":"closed","template":"","meta":{"_acf_changed":false,"footnotes":""},"class_list":["post-5260","page","type-page","status-publish","has-post-thumbnail","hentry"],"acf":[],"jetpack_sharing_enabled":true,"rttpg_featured_image_url":{"full":["https:\/\/i0.wp.com\/www.enyopharma.com\/wp-content\/uploads\/2024\/05\/Patient-tab_featured-image.png?fit=1667%2C223&ssl=1",1667,223,false],"landscape":["https:\/\/www.enyopharma.com\/wp-content\/uploads\/2024\/05\/Patient-tab_featured-image.png",1667,223,false],"portraits":["https:\/\/www.enyopharma.com\/wp-content\/uploads\/2024\/05\/Patient-tab_featured-image.png",1667,223,false],"thumbnail":["https:\/\/i0.wp.com\/www.enyopharma.com\/wp-content\/uploads\/2024\/05\/Patient-tab_featured-image.png?resize=150%2C150&ssl=1",150,150,true],"medium":["https:\/\/i0.wp.com\/www.enyopharma.com\/wp-content\/uploads\/2024\/05\/Patient-tab_featured-image.png?fit=300%2C40&ssl=1",300,40,true],"large":["https:\/\/i0.wp.com\/www.enyopharma.com\/wp-content\/uploads\/2024\/05\/Patient-tab_featured-image.png?fit=1024%2C137&ssl=1",1024,137,true],"1536x1536":["https:\/\/i0.wp.com\/www.enyopharma.com\/wp-content\/uploads\/2024\/05\/Patient-tab_featured-image.png?fit=1536%2C205&ssl=1",1536,205,true],"2048x2048":["https:\/\/i0.wp.com\/www.enyopharma.com\/wp-content\/uploads\/2024\/05\/Patient-tab_featured-image.png?fit=1667%2C223&ssl=1",1667,223,true],"large_home":["https:\/\/i0.wp.com\/www.enyopharma.com\/wp-content\/uploads\/2024\/05\/Patient-tab_featured-image.png?fit=1400%2C187&ssl=1",1400,187,true]},"rttpg_author":{"display_name":"adm-cdubreuil","author_link":"https:\/\/www.enyopharma.com\/fr\/author\/adm-cdubreuil\/"},"rttpg_comment":0,"rttpg_category":null,"rttpg_excerpt":"Chez ENYO Pharma, nous pla\u00e7ons les personnes souffrant d\u2019insuffisance r\u00e9nale au centre de nos discussions. Nous nous engageons chaque jour \u00e0 d\u00e9velopper de nouveaux traitements pour am\u00e9liorer la qualit\u00e9 de vie des patients atteints du syndrome d&#8217;Alport. Travailler en \u00e9troite collaboration avec les associations de patients nous permet de renforcer notre meilleure strat\u00e9gie de d\u00e9veloppement&hellip;","_links":{"self":[{"href":"https:\/\/www.enyopharma.com\/fr\/wp-json\/wp\/v2\/pages\/5260","targetHints":{"allow":["GET"]}}],"collection":[{"href":"https:\/\/www.enyopharma.com\/fr\/wp-json\/wp\/v2\/pages"}],"about":[{"href":"https:\/\/www.enyopharma.com\/fr\/wp-json\/wp\/v2\/types\/page"}],"author":[{"embeddable":true,"href":"https:\/\/www.enyopharma.com\/fr\/wp-json\/wp\/v2\/users\/7"}],"replies":[{"embeddable":true,"href":"https:\/\/www.enyopharma.com\/fr\/wp-json\/wp\/v2\/comments?post=5260"}],"version-history":[{"count":57,"href":"https:\/\/www.enyopharma.com\/fr\/wp-json\/wp\/v2\/pages\/5260\/revisions"}],"predecessor-version":[{"id":5882,"href":"https:\/\/www.enyopharma.com\/fr\/wp-json\/wp\/v2\/pages\/5260\/revisions\/5882"}],"up":[{"embeddable":true,"href":"https:\/\/www.enyopharma.com\/fr\/wp-json\/wp\/v2\/pages\/5506"}],"wp:featuredmedia":[{"embeddable":true,"href":"https:\/\/www.enyopharma.com\/fr\/wp-json\/wp\/v2\/media\/5174"}],"wp:attachment":[{"href":"https:\/\/www.enyopharma.com\/fr\/wp-json\/wp\/v2\/media?parent=5260"}],"curies":[{"name":"wp","href":"https:\/\/api.w.org\/{rel}","templated":true}]}}