{"id":5580,"date":"2024-10-28T11:14:08","date_gmt":"2024-10-28T11:14:08","guid":{"rendered":"https:\/\/www.enyopharma.com\/fr\/?page_id=5580"},"modified":"2025-07-17T15:09:41","modified_gmt":"2025-07-17T15:09:41","slug":"essais-cliniques-en-cours","status":"publish","type":"page","link":"https:\/\/www.enyopharma.com\/fr\/patients\/essais-cliniques-en-cours\/","title":{"rendered":"Essais cliniques en cours"},"content":{"rendered":"\n<h2 class=\"wp-block-heading\">Etude clinique de Phase 2 pour la MRC<\/h2>\n\n\n\n<p class=\"has-text-color has-link-color wp-elements-b81bca3d97f6a6bb11060ba6c602b0b9\" style=\"color:#b31e47\">En cours de recrutement<\/p>\n\n\n\n<p>Notre objectif est d&#8217;\u00e9valuer l&#8217;effet de Vonafexor sur la fonction r\u00e9nale chez des sujets pr\u00e9sentant une insuffisance r\u00e9nale et une suspicion de st\u00e9atoh\u00e9patite associ\u00e9e \u00e0 un dysfonctionnement m\u00e9tabolique (MASH).\n\nCette \u00e9tude clinique vise \u00e0 \u00e9tablir l&#8217;effet de deux doses de Vonafexor sur les reins. Elle sera men\u00e9e chez des sujets pr\u00e9sentant une diminution l\u00e9g\u00e8re ou mod\u00e9r\u00e9e du d\u00e9bit de filtration glom\u00e9rulaire estim\u00e9 (DFGe) et une suspicion de st\u00e9atoh\u00e9patite associ\u00e9e \u00e0 un dysfonctionnement m\u00e9tabolique (MASH).\n\n<a href=\"https:\/\/www.enyopharma.com\/fr\/patients\/maladies-renales-chroniques\/\" target=\"_blank\" rel=\"noreferrer noopener\">En savoir plus sur l&#8217;\u00e9tude<\/a><\/p>\n\n\n\n<h2 class=\"wp-block-heading\">Etude clinique de Phase 2 ALPESTRIA-1 pour le syndrome d\u2019Alport<\/h2>\n\n<a href=\"https:\/\/i0.wp.com\/www.enyopharma.com\/wp-content\/uploads\/2024\/05\/Alpestria-1_logo_L150-2.png\"><img loading=\"lazy\" decoding=\"async\" width=\"150\" height=\"87\" class=\"size-large wp-image-4527 alignleft\" src=\"https:\/\/i0.wp.com\/www.enyopharma.com\/wp-content\/uploads\/2024\/05\/Alpestria-1_logo_L150-2.png?resize=150%2C87\" alt=\"Ph2 ALPESTRIA-1 study\" data-recalc-dims=\"1\"><\/a>\n\n\n<p class=\"has-text-color has-link-color wp-elements-e2d789058041c57f292d51f8459ff793\" style=\"color:#b31e47\">Active, recrutement termin\u00e9<\/p>\n\n<p>Nous visons \u00e0 pr\u00e9server la fonction r\u00e9nale et r\u00e9parer les l\u00e9sions r\u00e9nales des patients atteints du syndrome d\u2019Alport avec le m\u00e9dicament exp\u00e9rimental Vonafexor dans l\u2019\u00e9tude clinique de Phase 2 nomm\u00e9e \u00ab ALPESTRIA-1 \u00bb : Evaluation de l\u2019innocuit\u00e9, la tol\u00e9rance et l\u2019effet de trois niveaux de dose du m\u00e9dicament exp\u00e9rimental Vonafexor sur la fonction r\u00e9nale des patients atteints du syndrome d\u2019Alport.\n<a href=\"https:\/\/www.enyopharma.com\/fr\/le-syndrome-dalport\/\" target=\"_blank\" rel=\"noreferrer noopener\">En savoir plus sur ALPESTRIA-1<\/a><\/p>\n","protected":false},"excerpt":{"rendered":"<h2 class=\"wp-block-heading\">Etude clinique de Phase 2 pour la MRC<\/h2>\n<p class=\"has-text-color has-link-color wp-elements-b81bca3d97f6a6bb11060ba6c602b0b9\" style=\"color:#b31e47\">En cours de recrutement<\/p>\n<p>Notre objectif est d&#8217;\u00e9valuer l&#8217;effet de Vonafexor sur la fonction r\u00e9nale chez des sujets pr\u00e9sentant une insuffisance r\u00e9nale et une suspicion de st\u00e9atoh\u00e9patite associ\u00e9e \u00e0 un dysfonctionnement m\u00e9tabolique (MASH).<\/p>\n<p>Cette \u00e9tude clinique vise \u00e0 \u00e9tablir l&#8217;effet de deux doses de Vonafexor sur les reins. Elle sera men\u00e9e chez des sujets pr\u00e9sentant une diminution l\u00e9g\u00e8re ou mod\u00e9r\u00e9e du d\u00e9bit de filtration glom\u00e9rulaire estim\u00e9 (DFGe) et une suspicion de st\u00e9atoh\u00e9patite associ\u00e9e \u00e0 un dysfonctionnement m\u00e9tabolique (MASH).<\/p>\n<p><a class=\"read-more\" href=\"https:\/\/www.enyopharma.com\/fr\/patients\/essais-cliniques-en-cours\/\">Lire la suite&nbsp;&raquo;<\/a><\/p>\n","protected":false},"author":7,"featured_media":5174,"parent":5506,"menu_order":2,"comment_status":"closed","ping_status":"closed","template":"","meta":{"_acf_changed":false,"footnotes":""},"class_list":["post-5580","page","type-page","status-publish","has-post-thumbnail","hentry"],"acf":[],"jetpack_sharing_enabled":true,"rttpg_featured_image_url":{"full":["https:\/\/i0.wp.com\/www.enyopharma.com\/wp-content\/uploads\/2024\/05\/Patient-tab_featured-image.png?fit=1667%2C223&ssl=1",1667,223,false],"landscape":["https:\/\/www.enyopharma.com\/wp-content\/uploads\/2024\/05\/Patient-tab_featured-image.png",1667,223,false],"portraits":["https:\/\/www.enyopharma.com\/wp-content\/uploads\/2024\/05\/Patient-tab_featured-image.png",1667,223,false],"thumbnail":["https:\/\/i0.wp.com\/www.enyopharma.com\/wp-content\/uploads\/2024\/05\/Patient-tab_featured-image.png?resize=150%2C150&ssl=1",150,150,true],"medium":["https:\/\/i0.wp.com\/www.enyopharma.com\/wp-content\/uploads\/2024\/05\/Patient-tab_featured-image.png?fit=300%2C40&ssl=1",300,40,true],"large":["https:\/\/i0.wp.com\/www.enyopharma.com\/wp-content\/uploads\/2024\/05\/Patient-tab_featured-image.png?fit=1024%2C137&ssl=1",1024,137,true],"1536x1536":["https:\/\/i0.wp.com\/www.enyopharma.com\/wp-content\/uploads\/2024\/05\/Patient-tab_featured-image.png?fit=1536%2C205&ssl=1",1536,205,true],"2048x2048":["https:\/\/i0.wp.com\/www.enyopharma.com\/wp-content\/uploads\/2024\/05\/Patient-tab_featured-image.png?fit=1667%2C223&ssl=1",1667,223,true],"large_home":["https:\/\/i0.wp.com\/www.enyopharma.com\/wp-content\/uploads\/2024\/05\/Patient-tab_featured-image.png?fit=1400%2C187&ssl=1",1400,187,true]},"rttpg_author":{"display_name":"adm-cdubreuil","author_link":"https:\/\/www.enyopharma.com\/fr\/author\/adm-cdubreuil\/"},"rttpg_comment":0,"rttpg_category":null,"rttpg_excerpt":"Etude clinique de Phase 2 pour la MRC En cours de recrutement Notre objectif est d&#8217;\u00e9valuer l&#8217;effet de Vonafexor sur la fonction r\u00e9nale chez des sujets pr\u00e9sentant une insuffisance r\u00e9nale et une suspicion de st\u00e9atoh\u00e9patite associ\u00e9e \u00e0 un dysfonctionnement m\u00e9tabolique (MASH). Cette \u00e9tude clinique vise \u00e0 \u00e9tablir l&#8217;effet de deux doses de Vonafexor sur les&hellip;","_links":{"self":[{"href":"https:\/\/www.enyopharma.com\/fr\/wp-json\/wp\/v2\/pages\/5580","targetHints":{"allow":["GET"]}}],"collection":[{"href":"https:\/\/www.enyopharma.com\/fr\/wp-json\/wp\/v2\/pages"}],"about":[{"href":"https:\/\/www.enyopharma.com\/fr\/wp-json\/wp\/v2\/types\/page"}],"author":[{"embeddable":true,"href":"https:\/\/www.enyopharma.com\/fr\/wp-json\/wp\/v2\/users\/7"}],"replies":[{"embeddable":true,"href":"https:\/\/www.enyopharma.com\/fr\/wp-json\/wp\/v2\/comments?post=5580"}],"version-history":[{"count":11,"href":"https:\/\/www.enyopharma.com\/fr\/wp-json\/wp\/v2\/pages\/5580\/revisions"}],"predecessor-version":[{"id":6077,"href":"https:\/\/www.enyopharma.com\/fr\/wp-json\/wp\/v2\/pages\/5580\/revisions\/6077"}],"up":[{"embeddable":true,"href":"https:\/\/www.enyopharma.com\/fr\/wp-json\/wp\/v2\/pages\/5506"}],"wp:featuredmedia":[{"embeddable":true,"href":"https:\/\/www.enyopharma.com\/fr\/wp-json\/wp\/v2\/media\/5174"}],"wp:attachment":[{"href":"https:\/\/www.enyopharma.com\/fr\/wp-json\/wp\/v2\/media?parent=5580"}],"curies":[{"name":"wp","href":"https:\/\/api.w.org\/{rel}","templated":true}]}}