{"id":792,"date":"2016-03-01T15:39:43","date_gmt":"2016-03-01T15:39:43","guid":{"rendered":"http:\/\/www.enyopharma.com\/?page_id=792&#038;lang=fr"},"modified":"2026-01-19T16:35:34","modified_gmt":"2026-01-19T16:35:34","slug":"societe-enyo-pharma","status":"publish","type":"page","link":"https:\/\/www.enyopharma.com\/fr\/presentation\/societe-enyo-pharma\/","title":{"rendered":"Pr\u00e9sentation"},"content":{"rendered":"<h2>Notre mission<\/h2>\n<p>ENYO Pharma d\u00e9veloppe des th\u00e9rapies innovantes bas\u00e9es sur des propri\u00e9t\u00e9s fibrolytiques et anti-inflammatoires pour les maladies li\u00e9es \u00e0 l&#8217;insuffisance r\u00e9nale.<\/p>\n<p>La soci\u00e9t\u00e9 m\u00e8ne des essais cliniques de Phase 2 avec son principal compos\u00e9 Vonafexor dans les maladies r\u00e9nales chroniques et les maladies r\u00e9nales rares telles que le syndrome d&#8217;Alport.<\/p>\n<h2>Notre produit phare en \u00e9tude clinique Vonafexor (EYP001)<\/h2>\n<ul>\n<li><b>Molecule :<\/b> petite mol\u00e9cule ; agoniste synth\u00e9tique et non st\u00e9ro\u00efdien de FXR (r\u00e9cepteur farn\u00e9so\u00efde X ou r\u00e9cepteur des acides biliaires)<\/li>\n<li><b>Profil du m\u00e9dicament :<\/b> distribu\u00e9 principalement dans les reins et le foie<\/li>\n<li><b>Mode d&#8217;administration : <\/b>: oral (comprim\u00e9), une fois par jour<\/li>\n<li><b>Mode d&#8217;action:<\/b> fibrolytique and anti-inflammatoire<\/li>\n<li><b>D\u00e9veloppement clinique:<\/b> 11 \u00e9tudes cliniques compl\u00e8tes : 7 Phases 1 et 4 Phases 2a. <a href=\"https:\/\/www.enyopharma.com\/fr\/science\/essais-cliniques\/\" target=\"_blank\" rel=\"noopener\">Tous les essais cliniques, cliquez ici<\/a><\/li>\n<li><b>Avantages:<\/b> se diff\u00e9rencie des autres agonistes du FXR par son effet b\u00e9n\u00e9fique sur la fonction r\u00e9nale (eGFR), l&#8217;inflammation et la fibrose du foie et de la graisse visc\u00e9rale (\u00e9tude LIVIFY de Phase 2a chez des patients atteints de MASH) et les maladies r\u00e9nales chroniques dont le syndrome d&#8217;Alport (<a href=\"https:\/\/www.enyopharma.com\/fr\/patients\/syndrome-alport\/\">\u00e9tude clinique de Phase 2 ALPESTRIA-1<\/a>)<\/li>\n<\/ul>\n<div class=\"ti-aside-full\"><img decoding=\"async\" class=\"img-thumbnail size-thumbnail\" src=\"\/wp-content\/uploads\/2023\/05\/Viruses_website_small.png\" alt=\"Virus\" width=\"100\" \/><\/p>\n<div>\n<h4>Histoire d\u2019ENYO Pharma avec le biomim\u00e9tisme viral<\/h4>\n<p>Notre histoire a commenc\u00e9 en 2014 lorsque des experts en interactions virus-prot\u00e9ines h\u00f4tes du Centre de recherche en infectiologie (Inserm) de Lyon, en France, et des dirigeants de l&#8217;industrie pharmaceutique sp\u00e9cialis\u00e9s dans le d\u00e9veloppement de m\u00e9dicaments ont d\u00e9velopp\u00e9 une plateforme unique de d\u00e9couverte de m\u00e9dicaments bas\u00e9e sur le biomim\u00e9tisme inspir\u00e9 des virus.<\/p>\n<\/div>\n<p><\/div>\n","protected":false},"excerpt":{"rendered":"<h2>Notre mission<\/h2>\n<p>ENYO Pharma d\u00e9veloppe des th\u00e9rapies innovantes bas\u00e9es sur des propri\u00e9t\u00e9s fibrolytiques et anti-inflammatoires pour les maladies li\u00e9es \u00e0 l&#8217;insuffisance r\u00e9nale.<\/p>\n<p>La soci\u00e9t\u00e9 m\u00e8ne des essais cliniques de Phase 2 avec son principal compos\u00e9 Vonafexor dans les maladies r\u00e9nales chroniques et les maladies r\u00e9nales rares telles que le syndrome d&#8217;Alport.<\/p>\n<h2>Notre produit phare en \u00e9tude clinique Vonafexor (EYP001)<\/h2>\n<ul>\n<li><b>Molecule :<\/b> petite mol\u00e9cule ;<\/li>\n<\/ul>\n<p><a class=\"read-more\" href=\"https:\/\/www.enyopharma.com\/fr\/presentation\/societe-enyo-pharma\/\">Lire la suite&nbsp;&raquo;<\/a><\/p>\n","protected":false},"author":1,"featured_media":0,"parent":794,"menu_order":1,"comment_status":"closed","ping_status":"closed","template":"","meta":{"_acf_changed":false,"footnotes":""},"class_list":["post-792","page","type-page","status-publish","hentry"],"acf":[],"jetpack_sharing_enabled":true,"rttpg_featured_image_url":null,"rttpg_author":{"display_name":"adminENYOPharma","author_link":"https:\/\/www.enyopharma.com\/fr\/author\/adminenyopharma\/"},"rttpg_comment":0,"rttpg_category":null,"rttpg_excerpt":"Notre mission ENYO Pharma d\u00e9veloppe des th\u00e9rapies innovantes bas\u00e9es sur des propri\u00e9t\u00e9s fibrolytiques et anti-inflammatoires pour les maladies li\u00e9es \u00e0 l&#8217;insuffisance r\u00e9nale. La soci\u00e9t\u00e9 m\u00e8ne des essais cliniques de Phase 2 avec son principal compos\u00e9 Vonafexor dans les maladies r\u00e9nales chroniques et les maladies r\u00e9nales rares telles que le syndrome d&#8217;Alport. Notre produit phare en&hellip;","_links":{"self":[{"href":"https:\/\/www.enyopharma.com\/fr\/wp-json\/wp\/v2\/pages\/792","targetHints":{"allow":["GET"]}}],"collection":[{"href":"https:\/\/www.enyopharma.com\/fr\/wp-json\/wp\/v2\/pages"}],"about":[{"href":"https:\/\/www.enyopharma.com\/fr\/wp-json\/wp\/v2\/types\/page"}],"author":[{"embeddable":true,"href":"https:\/\/www.enyopharma.com\/fr\/wp-json\/wp\/v2\/users\/1"}],"replies":[{"embeddable":true,"href":"https:\/\/www.enyopharma.com\/fr\/wp-json\/wp\/v2\/comments?post=792"}],"version-history":[{"count":20,"href":"https:\/\/www.enyopharma.com\/fr\/wp-json\/wp\/v2\/pages\/792\/revisions"}],"predecessor-version":[{"id":6366,"href":"https:\/\/www.enyopharma.com\/fr\/wp-json\/wp\/v2\/pages\/792\/revisions\/6366"}],"up":[{"embeddable":true,"href":"https:\/\/www.enyopharma.com\/fr\/wp-json\/wp\/v2\/pages\/794"}],"wp:attachment":[{"href":"https:\/\/www.enyopharma.com\/fr\/wp-json\/wp\/v2\/media?parent=792"}],"curies":[{"name":"wp","href":"https:\/\/api.w.org\/{rel}","templated":true}]}}