{"id":826,"date":"2016-03-01T16:37:09","date_gmt":"2016-03-01T16:37:09","guid":{"rendered":"http:\/\/www.enyopharma.com\/?page_id=826&#038;lang=fr"},"modified":"2026-01-16T18:30:29","modified_gmt":"2026-01-16T18:30:29","slug":"comment-nous-trouver","status":"publish","type":"page","link":"https:\/\/www.enyopharma.com\/fr\/contact\/comment-nous-trouver\/","title":{"rendered":"Comment nous trouver"},"content":{"rendered":"\n<h2 class=\"wp-block-heading\">Si\u00e8ge social<\/h2>\n\n\n\n<div class=\"wp-block-group is-vertical is-layout-flex wp-container-core-group-is-layout-8cf370e7 wp-block-group-is-layout-flex\">\n<p><strong>ENYO Pharma SA<\/strong><br>WELLIO &#8211; SILEX 2\n<br>9-13 rue des Cuirassiers\n<br>69003 LYON, FRANCE<br>\n<a href=\"https:\/\/www.google.com\/maps\/place\/Wellio+Lyon+Part-Dieu\/@45.7591506,4.8531032,16z\/data=!3m2!4b1!5s0x47f4ea63e2dce2b1:0xff0c1f94c29efcbb!4m6!3m5!1s0x47f4eba8b8a19b91:0xaa361788869e346e!8m2!3d45.7591469!4d4.8556781!16s%2Fg%2F11lr9gk0bn?entry=ttu&amp;g_ep=EgoyMDI1MTEwNC4xIKXMDSoASAFQAw%3D%3D\" target=\"_blank\" rel=\"noreferrer noopener\">Cliquer ici pour le plan d&#8217;acc\u00e8s<\/a><\/p>\n\n\n\n<p>T\u00e9l\u00e9phone : +33 (0)4 37 70 02 19<br>Mail : <a href=\"`contact@enyopharma.com[\/antispam]\" target=\"_blank\" rel=\"noreferrer noopener\">&#99;on&#116;act&#64;&#101;&#110;y&#111;&#112;har&#109;&#97;&#46;&#99;om<\/a><\/p>\n<\/div>\n\n\n\n<h2 class=\"wp-block-heading\">Etudes cliniques<\/h2>\n\n\n\n<ul class=\"wp-block-list\">\n<li><b>Si vous \u00eates un patient<\/b> et int\u00e9ress\u00e9 pour participer \u00e0 une \u00e9tude clinique d&#8217;ENYO Pharma, veuillez consulter <a href=\"https:\/\/www.enyopharma.com\/fr\/patients\/essais-cliniques-en-cours\/\" target=\"_blank\" rel=\"noreferrer noopener\">https:\/\/www.enyopharma.com\/fr\/patients<\/a> et <a href=\"https:\/\/euclinicaltrials.eu\/search-for-clinical-trials\/?lang=en\" target=\"_blank\" rel=\"noreferrer noopener\">https:\/\/euclinicaltrials.eu\/enyopharma<\/a>. <br>Nous vous conseillons de consulter votre m\u00e9decin traitant concernant les crit\u00e8res d&#8217;\u00e9ligibilit\u00e9.<\/li>\n\n\n\n<li><b>Pour toute information compl\u00e9mentaire<\/b>, veuillez nous contacter nous \u00e0 l&#8217;adresse suivante : <a href=\"`clinicaltrial@enyopharma.com[\/antispam]\" target=\"_blank\" rel=\"noreferrer noopener\">&#99;l&#105;nicaltrial&#64;&#101;&#110;yo&#112;ha&#114;ma.c&#111;m<\/a><\/li>\n<\/ul>\n\n\n\n<h2 class=\"wp-block-heading\">Confidentialit\u00e9 des donn\u00e9es<\/h2>\n\n\n\n<p>Pour toute information concernant la confidentialit\u00e9 des donn\u00e9es, veuillez nous contacter \u00e0 l&#8217;adresse suivante : <a href=\"mailto:dpo@enyopharma.com\">dpo@enyopharma.com<\/a><\/p>\n\n\n\n<h2 class=\"wp-block-heading\">Relations presse<\/h2>\n\n\n\n<p>Pour les relations presse, veuillez nous contacter \u00e0 l&#8217;adresse suivante : <a href=\"`communication@enyopharma.com[\/antispam]\" target=\"_blank\" rel=\"noreferrer noopener\">&#99;omm&#117;n&#105;c&#97;t&#105;on&#64;e&#110;y&#111;&#112;&#104;arm&#97;&#46;com<\/a><\/p>\n","protected":false},"excerpt":{"rendered":"<h2 class=\"wp-block-heading\">Si\u00e8ge social<\/h2>\n<div class=\"wp-block-group is-vertical is-layout-flex wp-container-core-group-is-layout-8cf370e7 wp-block-group-is-layout-flex\">\n<p><strong>ENYO Pharma SA<\/strong><br \/>WELLIO &#8211; SILEX 2<br \/>\n<br \/>9-13 rue des Cuirassiers<br \/>\n<br \/>69003 LYON, FRANCE<br \/>\n<a href=\"https:\/\/www.google.com\/maps\/place\/Wellio+Lyon+Part-Dieu\/@45.7591506,4.8531032,16z\/data=!3m2!4b1!5s0x47f4ea63e2dce2b1:0xff0c1f94c29efcbb!4m6!3m5!1s0x47f4eba8b8a19b91:0xaa361788869e346e!8m2!3d45.7591469!4d4.8556781!16s%2Fg%2F11lr9gk0bn?entry=ttu&amp;g_ep=EgoyMDI1MTEwNC4xIKXMDSoASAFQAw%3D%3D\" target=\"_blank\" rel=\"noreferrer noopener\">Cliquer ici pour le plan d&#8217;acc\u00e8s<\/a><\/p>\n<p>T\u00e9l\u00e9phone : +33 (0)4 37 70 02 19<br \/>Mail : <a href=\"`contact@enyopharma.com[\/antispam]\" target=\"_blank\" rel=\"noreferrer noopener\"><\/a><\/p>\n<\/div>\n<h2 class=\"wp-block-heading\">Etudes cliniques<\/h2>\n<ul class=\"wp-block-list\">\n<li><b>Si vous \u00eates un patient<\/b> et int\u00e9ress\u00e9 pour participer \u00e0 une \u00e9tude clinique d&#8217;ENYO Pharma, veuillez consulter <a href=\"https:\/\/www.enyopharma.com\/fr\/patients\/essais-cliniques-en-cours\/\" target=\"_blank\" rel=\"noreferrer noopener\">https:\/\/www.enyopharma.com\/fr\/patients<\/a> et <a href=\"https:\/\/euclinicaltrials.eu\/search-for-clinical-trials\/?lang=en\" target=\"_blank\" rel=\"noreferrer noopener\">https:\/\/euclinicaltrials.eu\/enyopharma<\/a>.<\/li>\n<\/ul>\n<p><a class=\"read-more\" href=\"https:\/\/www.enyopharma.com\/fr\/contact\/comment-nous-trouver\/\">Lire la suite&nbsp;&raquo;<\/a><\/p>\n","protected":false},"author":1,"featured_media":0,"parent":824,"menu_order":1,"comment_status":"closed","ping_status":"closed","template":"","meta":{"_acf_changed":false,"footnotes":""},"class_list":["post-826","page","type-page","status-publish","hentry"],"acf":[],"jetpack_sharing_enabled":true,"rttpg_featured_image_url":null,"rttpg_author":{"display_name":"adminENYOPharma","author_link":"https:\/\/www.enyopharma.com\/fr\/author\/adminenyopharma\/"},"rttpg_comment":0,"rttpg_category":null,"rttpg_excerpt":"Si\u00e8ge social ENYO Pharma SAWELLIO &#8211; SILEX 2 9-13 rue des Cuirassiers 69003 LYON, FRANCE Cliquer ici pour le plan d&#8217;acc\u00e8s T\u00e9l\u00e9phone : +33 (0)4 37 70 02 19Mail : Etudes cliniques Si vous \u00eates un patient et int\u00e9ress\u00e9 pour participer \u00e0 une \u00e9tude clinique d&#8217;ENYO Pharma, veuillez consulter https:\/\/www.enyopharma.com\/fr\/patients et https:\/\/euclinicaltrials.eu\/enyopharma.Lire la suite&nbsp;&raquo;","_links":{"self":[{"href":"https:\/\/www.enyopharma.com\/fr\/wp-json\/wp\/v2\/pages\/826","targetHints":{"allow":["GET"]}}],"collection":[{"href":"https:\/\/www.enyopharma.com\/fr\/wp-json\/wp\/v2\/pages"}],"about":[{"href":"https:\/\/www.enyopharma.com\/fr\/wp-json\/wp\/v2\/types\/page"}],"author":[{"embeddable":true,"href":"https:\/\/www.enyopharma.com\/fr\/wp-json\/wp\/v2\/users\/1"}],"replies":[{"embeddable":true,"href":"https:\/\/www.enyopharma.com\/fr\/wp-json\/wp\/v2\/comments?post=826"}],"version-history":[{"count":39,"href":"https:\/\/www.enyopharma.com\/fr\/wp-json\/wp\/v2\/pages\/826\/revisions"}],"predecessor-version":[{"id":6315,"href":"https:\/\/www.enyopharma.com\/fr\/wp-json\/wp\/v2\/pages\/826\/revisions\/6315"}],"up":[{"embeddable":true,"href":"https:\/\/www.enyopharma.com\/fr\/wp-json\/wp\/v2\/pages\/824"}],"wp:attachment":[{"href":"https:\/\/www.enyopharma.com\/fr\/wp-json\/wp\/v2\/media?parent=826"}],"curies":[{"name":"wp","href":"https:\/\/api.w.org\/{rel}","templated":true}]}}