{"id":877,"date":"2016-03-02T09:50:13","date_gmt":"2016-03-02T09:50:13","guid":{"rendered":"http:\/\/www.enyopharma.com\/?page_id=877&#038;lang=fr"},"modified":"2026-01-16T18:39:09","modified_gmt":"2026-01-16T18:39:09","slug":"informations-legales","status":"publish","type":"page","link":"https:\/\/www.enyopharma.com\/fr\/contact\/informations-legales\/","title":{"rendered":"Informations l\u00e9gales"},"content":{"rendered":"<h2>\u00c9diteur<\/h2>\n<p>ENYO Pharma\u00a0SA<br \/>\nWELLIO &#8211; SILEX 2<br \/>\n9-13 rue des Cuirassiers<br \/>\n69003 LYON, FRANCE<br \/>\n+33 (0)4 37 70 02 19<br \/>\nEmail: &#99;o&#110;t&#97;c&#116;&#64;&#101;nyopharm&#97;.com<br \/>\nSIREN: 799 831 011 RCS Lyon<br \/>\nDirecteur de la publication\u00a0:\u00a0Jacky Vonderscher,\u00a0Directeur G\u00e9n\u00e9ral<\/p>\n<h2>H\u00e9bergeur<\/h2>\n<p>Le site Internet www.enyopharma.com\u00a0est h\u00e9berg\u00e9 par\u00a0<a href=\"http:\/\/iilyo.com\/\" target=\"_blank\" rel=\"noopener\">iilyo SAS<\/a><br \/>\nAdresse : 33, place bellecour, 69002 Lyon, FRANCE<br \/>\n&#99;on&#116;&#97;&#99;t&#64;&#105;ilyo.&#99;om<\/p>\n<h2>No warranty and no liability<\/h2>\n<p>While ENYO Pharma\u00a0SA is making great efforts to include accurate and up-to-date information, we make no representations or warranties, express or implied, as to the accuracy or completeness of the information provided on this Website and disclaim any liability for the use of this site or any site linked to it. ENYO Pharma SA\u00a0may change this site at any time without notice but does not assume any responsibility to update it. All users agree that all access and use of this Website and on any Website linked to from this site and the content thereof is at their own risk. Neither ENYO Pharma SA nor any other party involved in creating, producing or delivering this Website or on any Website linked to from this site shall be liable in any manner whatsoever for any direct, incidental, consequential, indirect or punitive damages arising out of your access, use or inability to use this Website or any Website linked to from this site, or any errors or omissions in the content thereof.<\/p>\n<h2>Forward-looking information<\/h2>\n<p>This page may contain forward-looking information. Such information is subject to a variety of significant uncertainties, including scientific, business, economic and financial factors, and therefore actual results may differ significantly from those presented.<\/p>\n<h2>Links<\/h2>\n<p>Links to third party pages are provided for convenience only. We do not express any opinion on the content of any third party pages and expressly disclaim any liability for all third party information and the use of it.<\/p>\n<h2>Trademarks<\/h2>\n<p>All mentioned trademarks are owned by or licensed to ENYO Pharma\u00a0SA.<\/p>\n<h2>Copyright<\/h2>\n<p>The Website of ENYO Pharma\u00a0SA and the information contained and referenced therein are for informational purposes only. Any reproduction, retransmission or other use is strictly prohibited. Request for permission to reproduce any information contained on this Website should be addressed to ENYO Pharma\u00a0SA.<\/p>\n","protected":false},"excerpt":{"rendered":"<h2>\u00c9diteur<\/h2>\n<p>ENYO Pharma\u00a0SA<br \/>\nWELLIO &#8211; SILEX 2<br \/>\n9-13 rue des Cuirassiers<br \/>\n69003 LYON, FRANCE<br \/>\n+33 (0)4 37 70 02 19<br \/>\nEmail:<br \/>\nSIREN: 799 831 011 RCS Lyon<br \/>\nDirecteur de la publication\u00a0:\u00a0Jacky Vonderscher,\u00a0Directeur G\u00e9n\u00e9ral<\/p>\n<h2>H\u00e9bergeur<\/h2>\n<p>Le site Internet www.enyopharma.com\u00a0est h\u00e9berg\u00e9 par\u00a0<a href=\"http:\/\/iilyo.com\/\" target=\"_blank\" rel=\"noopener\">iilyo SAS<\/a><br \/>\nAdresse : 33, place bellecour, 69002 Lyon, FRANCE<\/p>\n<h2>No warranty and no liability<\/h2>\n<p>While ENYO Pharma\u00a0SA is making great efforts to include accurate and up-to-date information,<\/p>\n<p><a class=\"read-more\" href=\"https:\/\/www.enyopharma.com\/fr\/contact\/informations-legales\/\">Lire la suite&nbsp;&raquo;<\/a><\/p>\n","protected":false},"author":1,"featured_media":0,"parent":824,"menu_order":3,"comment_status":"closed","ping_status":"closed","template":"","meta":{"_acf_changed":false,"footnotes":""},"class_list":["post-877","page","type-page","status-publish","hentry"],"acf":[],"jetpack_sharing_enabled":true,"rttpg_featured_image_url":null,"rttpg_author":{"display_name":"adminENYOPharma","author_link":"https:\/\/www.enyopharma.com\/fr\/author\/adminenyopharma\/"},"rttpg_comment":0,"rttpg_category":null,"rttpg_excerpt":"\u00c9diteur ENYO Pharma\u00a0SA WELLIO &#8211; SILEX 2 9-13 rue des Cuirassiers 69003 LYON, FRANCE +33 (0)4 37 70 02 19 Email: SIREN: 799 831 011 RCS Lyon Directeur de la publication\u00a0:\u00a0Jacky Vonderscher,\u00a0Directeur G\u00e9n\u00e9ral H\u00e9bergeur Le site Internet www.enyopharma.com\u00a0est h\u00e9berg\u00e9 par\u00a0iilyo SAS Adresse : 33, place bellecour, 69002 Lyon, FRANCE No warranty and no liability While&hellip;","_links":{"self":[{"href":"https:\/\/www.enyopharma.com\/fr\/wp-json\/wp\/v2\/pages\/877","targetHints":{"allow":["GET"]}}],"collection":[{"href":"https:\/\/www.enyopharma.com\/fr\/wp-json\/wp\/v2\/pages"}],"about":[{"href":"https:\/\/www.enyopharma.com\/fr\/wp-json\/wp\/v2\/types\/page"}],"author":[{"embeddable":true,"href":"https:\/\/www.enyopharma.com\/fr\/wp-json\/wp\/v2\/users\/1"}],"replies":[{"embeddable":true,"href":"https:\/\/www.enyopharma.com\/fr\/wp-json\/wp\/v2\/comments?post=877"}],"version-history":[{"count":10,"href":"https:\/\/www.enyopharma.com\/fr\/wp-json\/wp\/v2\/pages\/877\/revisions"}],"predecessor-version":[{"id":6316,"href":"https:\/\/www.enyopharma.com\/fr\/wp-json\/wp\/v2\/pages\/877\/revisions\/6316"}],"up":[{"embeddable":true,"href":"https:\/\/www.enyopharma.com\/fr\/wp-json\/wp\/v2\/pages\/824"}],"wp:attachment":[{"href":"https:\/\/www.enyopharma.com\/fr\/wp-json\/wp\/v2\/media?parent=877"}],"curies":[{"name":"wp","href":"https:\/\/api.w.org\/{rel}","templated":true}]}}